{"id":88,"date":"2015-03-27T12:35:49","date_gmt":"2015-03-27T11:35:49","guid":{"rendered":"http:\/\/www.gs-rohrsen.de\/wp\/?page_id=88"},"modified":"2022-04-28T14:54:54","modified_gmt":"2022-04-28T12:54:54","slug":"schulgelaende","status":"publish","type":"page","link":"https:\/\/www.gs-rohrsen.de\/wp\/?page_id=88","title":{"rendered":"Schulgel\u00e4nde"},"content":{"rendered":"<p><a href=\"http:\/\/www.gs-rohrsen.de\/wp\/wp-content\/uploads\/2019\/01\/Schule-Rohrsen.jpg\"><img loading=\"lazy\" decoding=\"async\" class=\" wp-image-2406 alignleft\" src=\"http:\/\/www.gs-rohrsen.de\/wp\/wp-content\/uploads\/2019\/01\/Schule-Rohrsen-300x219.jpg\" alt=\"\" width=\"242\" height=\"177\" srcset=\"https:\/\/www.gs-rohrsen.de\/wp\/wp-content\/uploads\/2019\/01\/Schule-Rohrsen-300x219.jpg 300w, https:\/\/www.gs-rohrsen.de\/wp\/wp-content\/uploads\/2019\/01\/Schule-Rohrsen-768x561.jpg 768w, https:\/\/www.gs-rohrsen.de\/wp\/wp-content\/uploads\/2019\/01\/Schule-Rohrsen.jpg 919w\" sizes=\"auto, (max-width: 242px) 100vw, 242px\" \/><\/a>Unser Schulgel\u00e4nde liegt mitten im Gr\u00fcnen und durch seine Ortsrandlage sehr verkehrsberuhigt.<\/p>\n<p>In den Pausen spielen die Kinder gerne auf der gro\u00dfen Wiese hinter unserer Schule.<\/p>\n<p><a href=\"http:\/\/www.gs-rohrsen.de\/wp\/wp-content\/uploads\/2019\/01\/P1020323.jpg\"><img loading=\"lazy\" decoding=\"async\" class=\"wp-image-2408 alignleft\" src=\"http:\/\/www.gs-rohrsen.de\/wp\/wp-content\/uploads\/2019\/01\/P1020323-300x225.jpg\" alt=\"\" width=\"208\" height=\"156\" srcset=\"https:\/\/www.gs-rohrsen.de\/wp\/wp-content\/uploads\/2019\/01\/P1020323-300x225.jpg 300w, https:\/\/www.gs-rohrsen.de\/wp\/wp-content\/uploads\/2019\/01\/P1020323-768x576.jpg 768w, https:\/\/www.gs-rohrsen.de\/wp\/wp-content\/uploads\/2019\/01\/P1020323-1024x768.jpg 1024w\" sizes=\"auto, (max-width: 208px) 100vw, 208px\" \/><\/a>Dort gibt es zwei Fu\u00dfballtore, einen Kletterturm, eine Wippe, eine gro\u00dfe Boulderwand, ein Kletterger\u00fcst (Foto), einen Rutschenturm, drei Reckstangen, einen langen Weidentunnel, dicke Baumst\u00e4mme zum Ausruhen und Balancieren und ein gro\u00dfes Geb\u00fcsch f\u00fcr kleine Abenteuer.<\/p>\n<p>Zu unserer Schule geh\u00f6rt auch der gro\u00dfe Rasen-Sportplatz mit Laufbahn und Sprunggrube, ein Beach-Volleyball-Feld und das <span style=\"text-decoration: underline;\">\u201e<b>Gr\u00fcne Klassenzimmer\u201c. <\/b><\/span>Dank der Hilfe flei\u00dfiger Eltern k\u00f6nnen wir jetzt bei sch\u00f6nem Wetter auch mal drau\u00dfen auf den dicken Sandsteinen lesen, rechnen, singen oder spielen. Inzwischen sind auch die Weidenzweige, die au\u00dfen herum gepflanzt wurden, ganz hoch gewachsen, und so haben wir tats\u00e4chlich einen sch\u00f6nen schattigen Raum mitten im Gr\u00fcnen!<\/p>\n<p><a href=\"http:\/\/www.gs-rohrsen.de\/wp\/wp-content\/uploads\/2019\/01\/PICT0118.jpg\"><img loading=\"lazy\" decoding=\"async\" class=\"size-medium wp-image-2409 alignleft\" src=\"http:\/\/www.gs-rohrsen.de\/wp\/wp-content\/uploads\/2019\/01\/PICT0118-300x225.jpg\" alt=\"\" width=\"300\" height=\"225\" srcset=\"https:\/\/www.gs-rohrsen.de\/wp\/wp-content\/uploads\/2019\/01\/PICT0118-300x225.jpg 300w, https:\/\/www.gs-rohrsen.de\/wp\/wp-content\/uploads\/2019\/01\/PICT0118-768x576.jpg 768w, https:\/\/www.gs-rohrsen.de\/wp\/wp-content\/uploads\/2019\/01\/PICT0118-1024x768.jpg 1024w, https:\/\/www.gs-rohrsen.de\/wp\/wp-content\/uploads\/2019\/01\/PICT0118.jpg 2048w\" sizes=\"auto, (max-width: 300px) 100vw, 300px\" \/><\/a>Durch unseren \u201eSponsorenlauf\u201c im September 2009 haben wir genug Geld zusammenbekommen, dass wir den Wunsch der Kinder nach einer <span style=\"text-decoration: underline;\">gro\u00dfen Boulderwand<\/span> im Sommer 2011 endlich erf\u00fcllen konnten. Die Wand wurde im Jahr 2021 erneuert und ist nun wieder eine besondere Attraktion auf unserem Schulhof. Toll, dass so viele Kooperationspartner mitgeholfen haben! Danke!! \ud83d\ude42<\/p>\n<p>Wenn es auf der Wiese zu matschig ist, bleiben wir in den Pausen auf dem gepflasterten Bereich des Schulhofes. Dort steht unser <b><span style=\"text-decoration: underline;\">Spielger\u00e4tehaus<\/span><\/b>, in dem viele Pausenspiele aufbewahrt werden. Jedes Kind bekommt am Anfang des Schuljahres eine <b>Ausleihkarte<\/b> und darf sich dann in den Pausen ein Spielger\u00e4t aussuchen. \u00c4ltere Sch\u00fcler k\u00fcmmern sich um das Ausleihen und Zur\u00fcckbringen der Spielzeuge.<\/p>\n<p><a href=\"http:\/\/www.gs-rohrsen.de\/wp\/wp-content\/uploads\/2019\/01\/K1600_PICT0061.jpg\"><img loading=\"lazy\" decoding=\"async\" class=\"size-medium wp-image-2410 alignleft\" src=\"http:\/\/www.gs-rohrsen.de\/wp\/wp-content\/uploads\/2019\/01\/K1600_PICT0061-300x225.jpg\" alt=\"\" width=\"300\" height=\"225\" srcset=\"https:\/\/www.gs-rohrsen.de\/wp\/wp-content\/uploads\/2019\/01\/K1600_PICT0061-300x225.jpg 300w, https:\/\/www.gs-rohrsen.de\/wp\/wp-content\/uploads\/2019\/01\/K1600_PICT0061-768x576.jpg 768w, https:\/\/www.gs-rohrsen.de\/wp\/wp-content\/uploads\/2019\/01\/K1600_PICT0061-1024x768.jpg 1024w, https:\/\/www.gs-rohrsen.de\/wp\/wp-content\/uploads\/2019\/01\/K1600_PICT0061.jpg 1600w\" sizes=\"auto, (max-width: 300px) 100vw, 300px\" \/><\/a>Hier sieht man auch die riesige <b><span style=\"text-decoration: underline;\">Linde<\/span><\/b>, die wir uns f\u00fcr unser Schul-Wappen ausgesucht haben. Sie spendet viel Schatten und h\u00e4lt auch mal einen kleinen Regenschauer ab. Sie ist \u00fcbrigens schon \u00fcber <span style=\"text-decoration: underline;\">65 Jahre <\/span>alt!<\/p>\n","protected":false},"excerpt":{"rendered":"<p>Unser Schulgel\u00e4nde liegt mitten im Gr\u00fcnen und durch seine Ortsrandlage sehr verkehrsberuhigt. In den Pausen spielen die Kinder gerne auf der gro\u00dfen Wiese hinter unserer Schule. Dort gibt es zwei Fu\u00dfballtore, einen Kletterturm, eine Wippe, eine gro\u00dfe Boulderwand, ein Kletterger\u00fcst (Foto), einen Rutschenturm, drei Reckstangen, einen langen Weidentunnel, dicke Baumst\u00e4mme zum Ausruhen und Balancieren und &hellip; <a href=\"https:\/\/www.gs-rohrsen.de\/wp\/?page_id=88\" class=\"more-link\"><span class=\"screen-reader-text\">Schulgel\u00e4nde<\/span> weiterlesen <span class=\"meta-nav\">&rarr;<\/span><\/a><\/p>\n","protected":false},"author":1,"featured_media":0,"parent":0,"menu_order":0,"comment_status":"closed","ping_status":"open","template":"","meta":{"footnotes":""},"class_list":["post-88","page","type-page","status-publish","hentry"],"_links":{"self":[{"href":"https:\/\/www.gs-rohrsen.de\/wp\/index.php?rest_route=\/wp\/v2\/pages\/88","targetHints":{"allow":["GET"]}}],"collection":[{"href":"https:\/\/www.gs-rohrsen.de\/wp\/index.php?rest_route=\/wp\/v2\/pages"}],"about":[{"href":"https:\/\/www.gs-rohrsen.de\/wp\/index.php?rest_route=\/wp\/v2\/types\/page"}],"author":[{"embeddable":true,"href":"https:\/\/www.gs-rohrsen.de\/wp\/index.php?rest_route=\/wp\/v2\/users\/1"}],"replies":[{"embeddable":true,"href":"https:\/\/www.gs-rohrsen.de\/wp\/index.php?rest_route=%2Fwp%2Fv2%2Fcomments&post=88"}],"version-history":[{"count":6,"href":"https:\/\/www.gs-rohrsen.de\/wp\/index.php?rest_route=\/wp\/v2\/pages\/88\/revisions"}],"predecessor-version":[{"id":3870,"href":"https:\/\/www.gs-rohrsen.de\/wp\/index.php?rest_route=\/wp\/v2\/pages\/88\/revisions\/3870"}],"wp:attachment":[{"href":"https:\/\/www.gs-rohrsen.de\/wp\/index.php?rest_route=%2Fwp%2Fv2%2Fmedia&parent=88"}],"curies":[{"name":"wp","href":"https:\/\/api.w.org\/{rel}","templated":true}]}}