{"id":879,"date":"2016-01-12T11:28:33","date_gmt":"2016-01-12T10:28:33","guid":{"rendered":"http:\/\/www.gs-rohrsen.de\/wp\/?page_id=879"},"modified":"2016-01-12T11:28:33","modified_gmt":"2016-01-12T10:28:33","slug":"beitragsordnung","status":"publish","type":"page","link":"https:\/\/www.gs-rohrsen.de\/wp\/?page_id=879","title":{"rendered":"Beitragsordnung"},"content":{"rendered":"<p>Die Beitragsordnung wurde am 26. Mai 2010 wie folgt von der Mitgliederversammlung beschlossen:<\/p>\n<h5>\u00a7 1 H\u00f6he der Beitr\u00e4ge<\/h5>\n<p>(1) Der j\u00e4hrliche Mitgliedsbeitrag f\u00fcr nat\u00fcrliche Personen betr\u00e4gt 10 Euro. (2) Der Mitgliedsbeitrag kann auf freiwilliger Basis auch h\u00f6her sein.<\/p>\n<h5>\u00a7 2. \u00c4nderungen der Beitragsordnung<\/h5>\n<p>(1) \u00c4nderungen dieser Beitragsordnung sind der Mitgliederversammlung vorbehalten.<\/p>\n<h5>\u00a7 3. Inkrafttreten<\/h5>\n<p>(1) Diese Beitragsordnung tritt am 01.01.2011 inkraft.<\/p>\n","protected":false},"excerpt":{"rendered":"<p>Die Beitragsordnung wurde am 26. Mai 2010 wie folgt von der Mitgliederversammlung beschlossen: \u00a7 1 H\u00f6he der Beitr\u00e4ge (1) Der j\u00e4hrliche Mitgliedsbeitrag f\u00fcr nat\u00fcrliche Personen betr\u00e4gt 10 Euro. (2) Der Mitgliedsbeitrag kann auf freiwilliger Basis auch h\u00f6her sein. \u00a7 2. \u00c4nderungen der Beitragsordnung (1) \u00c4nderungen dieser Beitragsordnung sind der Mitgliederversammlung vorbehalten. \u00a7 3. Inkrafttreten (1) &hellip; <a href=\"https:\/\/www.gs-rohrsen.de\/wp\/?page_id=879\" class=\"more-link\"><span class=\"screen-reader-text\">Beitragsordnung<\/span> weiterlesen <span class=\"meta-nav\">&rarr;<\/span><\/a><\/p>\n","protected":false},"author":2,"featured_media":0,"parent":0,"menu_order":0,"comment_status":"closed","ping_status":"closed","template":"","meta":{"footnotes":""},"class_list":["post-879","page","type-page","status-publish","hentry"],"_links":{"self":[{"href":"https:\/\/www.gs-rohrsen.de\/wp\/index.php?rest_route=\/wp\/v2\/pages\/879","targetHints":{"allow":["GET"]}}],"collection":[{"href":"https:\/\/www.gs-rohrsen.de\/wp\/index.php?rest_route=\/wp\/v2\/pages"}],"about":[{"href":"https:\/\/www.gs-rohrsen.de\/wp\/index.php?rest_route=\/wp\/v2\/types\/page"}],"author":[{"embeddable":true,"href":"https:\/\/www.gs-rohrsen.de\/wp\/index.php?rest_route=\/wp\/v2\/users\/2"}],"replies":[{"embeddable":true,"href":"https:\/\/www.gs-rohrsen.de\/wp\/index.php?rest_route=%2Fwp%2Fv2%2Fcomments&post=879"}],"version-history":[{"count":1,"href":"https:\/\/www.gs-rohrsen.de\/wp\/index.php?rest_route=\/wp\/v2\/pages\/879\/revisions"}],"predecessor-version":[{"id":880,"href":"https:\/\/www.gs-rohrsen.de\/wp\/index.php?rest_route=\/wp\/v2\/pages\/879\/revisions\/880"}],"wp:attachment":[{"href":"https:\/\/www.gs-rohrsen.de\/wp\/index.php?rest_route=%2Fwp%2Fv2%2Fmedia&parent=879"}],"curies":[{"name":"wp","href":"https:\/\/api.w.org\/{rel}","templated":true}]}}