{"id":86,"date":"2015-03-27T12:35:25","date_gmt":"2015-03-27T11:35:25","guid":{"rendered":"http:\/\/www.gs-rohrsen.de\/wp\/?page_id=86"},"modified":"2022-02-14T14:46:55","modified_gmt":"2022-02-14T13:46:55","slug":"schulgebaeude","status":"publish","type":"page","link":"https:\/\/www.gs-rohrsen.de\/wp\/?page_id=86","title":{"rendered":"Schulgeb\u00e4ude"},"content":{"rendered":"<p><a href=\"http:\/\/www.gs-rohrsen.de\/wp\/wp-content\/uploads\/2019\/01\/K1600_P1230955.jpg\"><img loading=\"lazy\" decoding=\"async\" class=\"size-large wp-image-2396 aligncenter\" src=\"http:\/\/www.gs-rohrsen.de\/wp\/wp-content\/uploads\/2019\/01\/K1600_P1230955-1024x768.jpg\" alt=\"\" width=\"474\" height=\"356\" srcset=\"https:\/\/www.gs-rohrsen.de\/wp\/wp-content\/uploads\/2019\/01\/K1600_P1230955-1024x768.jpg 1024w, https:\/\/www.gs-rohrsen.de\/wp\/wp-content\/uploads\/2019\/01\/K1600_P1230955-300x225.jpg 300w, https:\/\/www.gs-rohrsen.de\/wp\/wp-content\/uploads\/2019\/01\/K1600_P1230955-768x576.jpg 768w, https:\/\/www.gs-rohrsen.de\/wp\/wp-content\/uploads\/2019\/01\/K1600_P1230955.jpg 1600w\" sizes=\"auto, (max-width: 474px) 100vw, 474px\" \/><\/a><\/p>\n<p>Die Grundschule Hameln-Rohrsen besteht seit \u00fcber 100 Jahren, in ihrem jetzigen Geb\u00e4ude aber erst seit 1950. Durch mehrere Anbauten (zuletzt im Jahr 2000) hat das Schulgeb\u00e4ude seine jetzige Form erhalten, um die steigende Zahl der Sch\u00fclerinnen und Sch\u00fcler aufnehmen zu k\u00f6nnen.<\/p>\n<p>Die Schule verf\u00fcgt \u00fcber:<\/p>\n<ul>\n<li>8 Klassenr\u00e4ume,<\/li>\n<li>1 Betreuungsraum mit K\u00fcche,<\/li>\n<li>1 PC-Raum mit 15 vernetzten Rechnern + Sch\u00fclerb\u00fccherei,<\/li>\n<li>1 Musik-\/Textilraum (gleichzeitig Betreuungsgruppe 2),<\/li>\n<li>1 Werkraum,<\/li>\n<li>2 Materialr\u00e4ume f\u00fcr Lehr- u. Unterrichtsmaterial,<\/li>\n<li>1 Lehrerzimmer,<\/li>\n<li>1 Sekretariat,<\/li>\n<li>1 Hausmeisterzimmer,<\/li>\n<li>1 Kopierraum,<\/li>\n<li>Lehrer- und Sch\u00fclertoiletten<ins cite=\"mailto:bmalbrecht\" datetime=\"2010-02-28T13:48\">,<\/ins><\/li>\n<li>sowie \u00fcber\u00a0 eine Turnhalle mit Umkleide- und Duschr\u00e4umen, die vormittags auch vom Kinderhaus Rohrsen\/Hilligsfeld und an den Nachmittagen von den \u00f6rtlichen Vereinen genutzt wird.<\/li>\n<\/ul>\n<p><a href=\"http:\/\/www.gs-rohrsen.de\/wp\/wp-content\/uploads\/2019\/01\/2006-Oktober-076.jpg\"><img loading=\"lazy\" decoding=\"async\" class=\"size-medium wp-image-2399 alignleft\" src=\"http:\/\/www.gs-rohrsen.de\/wp\/wp-content\/uploads\/2019\/01\/2006-Oktober-076-300x225.jpg\" alt=\"\" width=\"300\" height=\"225\" srcset=\"https:\/\/www.gs-rohrsen.de\/wp\/wp-content\/uploads\/2019\/01\/2006-Oktober-076-300x225.jpg 300w, https:\/\/www.gs-rohrsen.de\/wp\/wp-content\/uploads\/2019\/01\/2006-Oktober-076-768x576.jpg 768w, https:\/\/www.gs-rohrsen.de\/wp\/wp-content\/uploads\/2019\/01\/2006-Oktober-076-1024x768.jpg 1024w, https:\/\/www.gs-rohrsen.de\/wp\/wp-content\/uploads\/2019\/01\/2006-Oktober-076.jpg 2048w\" sizes=\"auto, (max-width: 300px) 100vw, 300px\" \/><\/a>Der Eingangsbereich und die Innenflure unserer Schule wurden in den Jahren 2003 und 2004 mit der Hilfe engagierter Eltern v\u00f6llig neu gestaltet. Ein einzigartiges k\u00fcnstlerisches Ensemble bieten der Haupteingang mit vielen heimischen Waldtieren und der sehr fantasievoll und mit viel Liebe zum Detail bemalte Schulflur mit Pettersons Tierwelt.<\/p>\n<p><a href=\"http:\/\/www.gs-rohrsen.de\/wp\/wp-content\/uploads\/2019\/01\/DSC00010.jpg\"><img loading=\"lazy\" decoding=\"async\" class=\"wp-image-2400 alignleft\" src=\"http:\/\/www.gs-rohrsen.de\/wp\/wp-content\/uploads\/2019\/01\/DSC00010-300x225.jpg\" alt=\"\" width=\"215\" height=\"161\" srcset=\"https:\/\/www.gs-rohrsen.de\/wp\/wp-content\/uploads\/2019\/01\/DSC00010-300x225.jpg 300w, https:\/\/www.gs-rohrsen.de\/wp\/wp-content\/uploads\/2019\/01\/DSC00010-768x576.jpg 768w, https:\/\/www.gs-rohrsen.de\/wp\/wp-content\/uploads\/2019\/01\/DSC00010-1024x768.jpg 1024w, https:\/\/www.gs-rohrsen.de\/wp\/wp-content\/uploads\/2019\/01\/DSC00010.jpg 2048w\" sizes=\"auto, (max-width: 215px) 100vw, 215px\" \/><\/a>Bei uns sieht man einen lebensgro\u00dfen Petterson, der am See angelt, und seinen Freund Findus, der auf dem Treppengel\u00e4nder turnt und\u00a0 einen bunten Fisch gefangen hat.<a href=\"http:\/\/www.gs-rohrsen.de\/wp\/wp-content\/uploads\/2019\/01\/DSC00009.jpg\"><img loading=\"lazy\" decoding=\"async\" class=\"alignnone  wp-image-2404\" src=\"http:\/\/www.gs-rohrsen.de\/wp\/wp-content\/uploads\/2019\/01\/DSC00009-300x225.jpg\" alt=\"\" width=\"195\" height=\"146\" srcset=\"https:\/\/www.gs-rohrsen.de\/wp\/wp-content\/uploads\/2019\/01\/DSC00009-300x225.jpg 300w, https:\/\/www.gs-rohrsen.de\/wp\/wp-content\/uploads\/2019\/01\/DSC00009-768x576.jpg 768w, https:\/\/www.gs-rohrsen.de\/wp\/wp-content\/uploads\/2019\/01\/DSC00009-1024x768.jpg 1024w, https:\/\/www.gs-rohrsen.de\/wp\/wp-content\/uploads\/2019\/01\/DSC00009.jpg 2048w\" sizes=\"auto, (max-width: 195px) 100vw, 195px\" \/><\/a><\/p>\n<p><a href=\"http:\/\/www.gs-rohrsen.de\/wp\/wp-content\/uploads\/2019\/01\/DSC00040.jpg\"><img loading=\"lazy\" decoding=\"async\" class=\"wp-image-2401 alignright\" src=\"http:\/\/www.gs-rohrsen.de\/wp\/wp-content\/uploads\/2019\/01\/DSC00040-300x225.jpg\" alt=\"\" width=\"179\" height=\"134\" srcset=\"https:\/\/www.gs-rohrsen.de\/wp\/wp-content\/uploads\/2019\/01\/DSC00040-300x225.jpg 300w, https:\/\/www.gs-rohrsen.de\/wp\/wp-content\/uploads\/2019\/01\/DSC00040-768x576.jpg 768w, https:\/\/www.gs-rohrsen.de\/wp\/wp-content\/uploads\/2019\/01\/DSC00040-1024x768.jpg 1024w, https:\/\/www.gs-rohrsen.de\/wp\/wp-content\/uploads\/2019\/01\/DSC00040.jpg 2048w\" sizes=\"auto, (max-width: 179px) 100vw, 179px\" \/><\/a>Wenn man oben das Getreidefeld, die Katze am Zaun, Pettersons H\u00fchner-Kaffeeklatsch, unseren &#8222;echten Holzschuppen-Schrank&#8220;, den schlauen Fuchs und viele kleine Tiere entdeckt hat, kann man durch den <span style=\"text-decoration: underline;\">See<\/span> in die untere Etage \u201eabtauchen\u201c!<a href=\"http:\/\/www.gs-rohrsen.de\/wp\/wp-content\/uploads\/2019\/01\/DSC00011.jpg\"><img loading=\"lazy\" decoding=\"async\" class=\"wp-image-2402 alignleft\" src=\"http:\/\/www.gs-rohrsen.de\/wp\/wp-content\/uploads\/2019\/01\/DSC00011-300x225.jpg\" alt=\"\" width=\"175\" height=\"131\" srcset=\"https:\/\/www.gs-rohrsen.de\/wp\/wp-content\/uploads\/2019\/01\/DSC00011-300x225.jpg 300w, https:\/\/www.gs-rohrsen.de\/wp\/wp-content\/uploads\/2019\/01\/DSC00011-768x576.jpg 768w, https:\/\/www.gs-rohrsen.de\/wp\/wp-content\/uploads\/2019\/01\/DSC00011-1024x768.jpg 1024w, https:\/\/www.gs-rohrsen.de\/wp\/wp-content\/uploads\/2019\/01\/DSC00011.jpg 2048w\" sizes=\"auto, (max-width: 175px) 100vw, 175px\" \/><\/a><\/p>\n<p>Dort geht die Teichwelt der Fr\u00f6sche und Enten in eine <span style=\"text-decoration: underline;\">Tiefwasserwelt<\/span> \u00fcber, in der es Haie, Wale, einen Kraken, Quallen, viele bunte Fische und sogar eine Schatzkiste an den W\u00e4nden zu sehen gibt.<a href=\"http:\/\/www.gs-rohrsen.de\/wp\/wp-content\/uploads\/2019\/01\/DSC00033.jpg\"><img loading=\"lazy\" decoding=\"async\" class=\"wp-image-2403 aligncenter\" src=\"http:\/\/www.gs-rohrsen.de\/wp\/wp-content\/uploads\/2019\/01\/DSC00033-300x225.jpg\" alt=\"\" width=\"243\" height=\"182\" srcset=\"https:\/\/www.gs-rohrsen.de\/wp\/wp-content\/uploads\/2019\/01\/DSC00033-300x225.jpg 300w, https:\/\/www.gs-rohrsen.de\/wp\/wp-content\/uploads\/2019\/01\/DSC00033-768x576.jpg 768w, https:\/\/www.gs-rohrsen.de\/wp\/wp-content\/uploads\/2019\/01\/DSC00033-1024x768.jpg 1024w, https:\/\/www.gs-rohrsen.de\/wp\/wp-content\/uploads\/2019\/01\/DSC00033.jpg 2048w\" sizes=\"auto, (max-width: 243px) 100vw, 243px\" \/><\/a><\/p>\n<p>Es lohnt sich, das anzusehen!! Einmalig sch\u00f6n!! <strong>(DANKE nochmals an Frau Wessel, die uns mit ihrem Talent so reichlich beschenkt hat!)<\/strong><\/p>\n<p>Der fr\u00fchere Raum unserer Sch\u00fclerb\u00fccherei wird seit dem Schuljahr 2010\/11 f\u00fcr die <b>Sonderp\u00e4dagogische Grundversorgung<\/b> genutzt, die wir im Rahmen eines Regionalen Integrationskonzepts eingerichtet haben. Die B\u00fccherei ist jetzt im PC-Raum untergebracht, so dass die Buchausleihe und die Arbeit mit dem ANTOLIN-Programm zur Lesef\u00f6rderung perfekt miteinander kombiniert werden k\u00f6nnen.<\/p>\n<p>Der Betreuungsraum und der Musikraum stehen nach Unterrichtsschluss der <strong>st\u00e4dtischen Nachmittagsbetreuung<\/strong>\u00a0 zur Verf\u00fcgung, deren Mitarbeiterteam t\u00e4glich bis 16.30 Uhr (freitags bis 15.30 Uhr) eine Nachmittagsbetreuung und Hausaufgabenhilfe f\u00fcr unsere Sch\u00fclerinnen und Sch\u00fcler anbieten (mit Anmeldung im Rathaus!).<\/p>\n","protected":false},"excerpt":{"rendered":"<p>Die Grundschule Hameln-Rohrsen besteht seit \u00fcber 100 Jahren, in ihrem jetzigen Geb\u00e4ude aber erst seit 1950. Durch mehrere Anbauten (zuletzt im Jahr 2000) hat das Schulgeb\u00e4ude seine jetzige Form erhalten, um die steigende Zahl der Sch\u00fclerinnen und Sch\u00fcler aufnehmen zu k\u00f6nnen. Die Schule verf\u00fcgt \u00fcber: 8 Klassenr\u00e4ume, 1 Betreuungsraum mit K\u00fcche, 1 PC-Raum mit 15 &hellip; <a href=\"https:\/\/www.gs-rohrsen.de\/wp\/?page_id=86\" class=\"more-link\"><span class=\"screen-reader-text\">Schulgeb\u00e4ude<\/span> weiterlesen <span class=\"meta-nav\">&rarr;<\/span><\/a><\/p>\n","protected":false},"author":1,"featured_media":0,"parent":0,"menu_order":0,"comment_status":"closed","ping_status":"open","template":"","meta":{"footnotes":""},"class_list":["post-86","page","type-page","status-publish","hentry"],"_links":{"self":[{"href":"https:\/\/www.gs-rohrsen.de\/wp\/index.php?rest_route=\/wp\/v2\/pages\/86","targetHints":{"allow":["GET"]}}],"collection":[{"href":"https:\/\/www.gs-rohrsen.de\/wp\/index.php?rest_route=\/wp\/v2\/pages"}],"about":[{"href":"https:\/\/www.gs-rohrsen.de\/wp\/index.php?rest_route=\/wp\/v2\/types\/page"}],"author":[{"embeddable":true,"href":"https:\/\/www.gs-rohrsen.de\/wp\/index.php?rest_route=\/wp\/v2\/users\/1"}],"replies":[{"embeddable":true,"href":"https:\/\/www.gs-rohrsen.de\/wp\/index.php?rest_route=%2Fwp%2Fv2%2Fcomments&post=86"}],"version-history":[{"count":4,"href":"https:\/\/www.gs-rohrsen.de\/wp\/index.php?rest_route=\/wp\/v2\/pages\/86\/revisions"}],"predecessor-version":[{"id":3832,"href":"https:\/\/www.gs-rohrsen.de\/wp\/index.php?rest_route=\/wp\/v2\/pages\/86\/revisions\/3832"}],"wp:attachment":[{"href":"https:\/\/www.gs-rohrsen.de\/wp\/index.php?rest_route=%2Fwp%2Fv2%2Fmedia&parent=86"}],"curies":[{"name":"wp","href":"https:\/\/api.w.org\/{rel}","templated":true}]}}