{"id":83,"date":"2015-03-27T12:30:40","date_gmt":"2015-03-27T11:30:40","guid":{"rendered":"http:\/\/www.gs-rohrsen.de\/wp\/?page_id=83"},"modified":"2015-03-27T12:30:40","modified_gmt":"2015-03-27T11:30:40","slug":"unsere-schule","status":"publish","type":"page","link":"https:\/\/www.gs-rohrsen.de\/wp\/?page_id=83","title":{"rendered":"Unsere Schule"},"content":{"rendered":"<p>Die Grundschule Hameln-Rohrsen liegt am \u00f6stlichen Rand der Stadt Hameln an einer Sackgasse im Ortsteil Rohrsen. Zum Schuleinzugsgebiet geh\u00f6ren neben dem lang gestreckten und verzweigten Rohrsen noch die nahe gelegenen Ortschaften Gro\u00df Hilligsfeld und Klein Hilligsfeld, deren Sch\u00fclerinnen und Sch\u00fcler die Schule mit dem Linienbus erreichen.<\/p>\n<p><a href=\"http:\/\/www.gs-rohrsen.de\/wp\/wp-content\/uploads\/2015\/03\/April-2007-102-e1427455813516.jpg\"><img loading=\"lazy\" decoding=\"async\" class=\"alignnone wp-image-84 size-full\" src=\"http:\/\/www.gs-rohrsen.de\/wp\/wp-content\/uploads\/2015\/03\/April-2007-102-e1427455813516.jpg\" alt=\"\" width=\"800\" height=\"600\" \/><\/a>Sowohl Rohrsen als auch Gro\u00df und Klein Hilligsfeld zeigen trotz erschlossener Neubaugebiete eine eher l\u00e4ndlich d\u00f6rfliche Struktur und liegen umgeben von Feldern und W\u00e4ldern am Rande der Bundesstra\u00dfe 217 in Richtung Hannover.<\/p>\n<p>Das Zusammengeh\u00f6rigkeitsgef\u00fchl der Bewohner der einzelnen Ortschaften wird au\u00dfer durch den gemeinsamen Schulbesuch durch die einzige Kindertagesst\u00e4tte \u201eKinderhaus Rohrsen\/Hilligsfeld\u201c (mit Au\u00dfenstelle in Gro\u00df Hilligsfeld), die gemeinsame ev.-luth. Kirchengemeinde St. Martini und die \u00f6rtlichen Vereine gef\u00f6rdert und gest\u00e4rkt.<\/p>\n","protected":false},"excerpt":{"rendered":"<p>Die Grundschule Hameln-Rohrsen liegt am \u00f6stlichen Rand der Stadt Hameln an einer Sackgasse im Ortsteil Rohrsen. Zum Schuleinzugsgebiet geh\u00f6ren neben dem lang gestreckten und verzweigten Rohrsen noch die nahe gelegenen Ortschaften Gro\u00df Hilligsfeld und Klein Hilligsfeld, deren Sch\u00fclerinnen und Sch\u00fcler die Schule mit dem Linienbus erreichen. Sowohl Rohrsen als auch Gro\u00df und Klein Hilligsfeld zeigen &hellip; <a href=\"https:\/\/www.gs-rohrsen.de\/wp\/?page_id=83\" class=\"more-link\"><span class=\"screen-reader-text\">Unsere Schule<\/span> weiterlesen <span class=\"meta-nav\">&rarr;<\/span><\/a><\/p>\n","protected":false},"author":1,"featured_media":0,"parent":0,"menu_order":0,"comment_status":"closed","ping_status":"open","template":"","meta":{"footnotes":""},"class_list":["post-83","page","type-page","status-publish","hentry"],"_links":{"self":[{"href":"https:\/\/www.gs-rohrsen.de\/wp\/index.php?rest_route=\/wp\/v2\/pages\/83","targetHints":{"allow":["GET"]}}],"collection":[{"href":"https:\/\/www.gs-rohrsen.de\/wp\/index.php?rest_route=\/wp\/v2\/pages"}],"about":[{"href":"https:\/\/www.gs-rohrsen.de\/wp\/index.php?rest_route=\/wp\/v2\/types\/page"}],"author":[{"embeddable":true,"href":"https:\/\/www.gs-rohrsen.de\/wp\/index.php?rest_route=\/wp\/v2\/users\/1"}],"replies":[{"embeddable":true,"href":"https:\/\/www.gs-rohrsen.de\/wp\/index.php?rest_route=%2Fwp%2Fv2%2Fcomments&post=83"}],"version-history":[{"count":1,"href":"https:\/\/www.gs-rohrsen.de\/wp\/index.php?rest_route=\/wp\/v2\/pages\/83\/revisions"}],"predecessor-version":[{"id":85,"href":"https:\/\/www.gs-rohrsen.de\/wp\/index.php?rest_route=\/wp\/v2\/pages\/83\/revisions\/85"}],"wp:attachment":[{"href":"https:\/\/www.gs-rohrsen.de\/wp\/index.php?rest_route=%2Fwp%2Fv2%2Fmedia&parent=83"}],"curies":[{"name":"wp","href":"https:\/\/api.w.org\/{rel}","templated":true}]}}