{"id":823,"date":"2016-01-11T18:02:38","date_gmt":"2016-01-11T17:02:38","guid":{"rendered":"http:\/\/www.gs-rohrsen.de\/wp\/?page_id=823"},"modified":"2024-02-15T10:27:35","modified_gmt":"2024-02-15T09:27:35","slug":"regelmaessige-foerderung","status":"publish","type":"page","link":"https:\/\/www.gs-rohrsen.de\/wp\/?page_id=823","title":{"rendered":"Regelm\u00e4\u00dfige F\u00f6rderung"},"content":{"rendered":"<ul>\n<li>Ausrichten der Caf\u00e9teria bei Schulkonzert, Schulfest und Einschulung<\/li>\n<li>Zuschuss f\u00fcr die Klassenkassen zum Schulstart der 1. Klassen<\/li>\n<li>Zuschuss f\u00fcr die Klassenkassen der Klassen 2 und 3<\/li>\n<li>Zuschuss zu Klassenfahrten und Abschlussfahrten der 4. Klassen<\/li>\n<li>Preise und B\u00fccher-Gutscheine f\u00fcr Schulfeste oder beim j\u00e4hrlichen Vorlesewettbewerb<\/li>\n<li>Bestellung von Schul-T-Shirts, Sweatshirts, Kapuzenjacken usw.<\/li>\n<li>Verwaltung der Spenden von <a href=\"http:\/\/www.schulengel.de\">www.schulengel.de<\/a><\/li>\n<\/ul>\n","protected":false},"excerpt":{"rendered":"<p>Ausrichten der Caf\u00e9teria bei Schulkonzert, Schulfest und Einschulung Zuschuss f\u00fcr die Klassenkassen zum Schulstart der 1. Klassen Zuschuss f\u00fcr die Klassenkassen der Klassen 2 und 3 Zuschuss zu Klassenfahrten und Abschlussfahrten der 4. Klassen Preise und B\u00fccher-Gutscheine f\u00fcr Schulfeste oder beim j\u00e4hrlichen Vorlesewettbewerb Bestellung von Schul-T-Shirts, Sweatshirts, Kapuzenjacken usw. Verwaltung der Spenden von www.schulengel.de<\/p>\n","protected":false},"author":2,"featured_media":0,"parent":0,"menu_order":0,"comment_status":"closed","ping_status":"closed","template":"","meta":{"footnotes":""},"class_list":["post-823","page","type-page","status-publish","hentry"],"_links":{"self":[{"href":"https:\/\/www.gs-rohrsen.de\/wp\/index.php?rest_route=\/wp\/v2\/pages\/823","targetHints":{"allow":["GET"]}}],"collection":[{"href":"https:\/\/www.gs-rohrsen.de\/wp\/index.php?rest_route=\/wp\/v2\/pages"}],"about":[{"href":"https:\/\/www.gs-rohrsen.de\/wp\/index.php?rest_route=\/wp\/v2\/types\/page"}],"author":[{"embeddable":true,"href":"https:\/\/www.gs-rohrsen.de\/wp\/index.php?rest_route=\/wp\/v2\/users\/2"}],"replies":[{"embeddable":true,"href":"https:\/\/www.gs-rohrsen.de\/wp\/index.php?rest_route=%2Fwp%2Fv2%2Fcomments&post=823"}],"version-history":[{"count":7,"href":"https:\/\/www.gs-rohrsen.de\/wp\/index.php?rest_route=\/wp\/v2\/pages\/823\/revisions"}],"predecessor-version":[{"id":4210,"href":"https:\/\/www.gs-rohrsen.de\/wp\/index.php?rest_route=\/wp\/v2\/pages\/823\/revisions\/4210"}],"wp:attachment":[{"href":"https:\/\/www.gs-rohrsen.de\/wp\/index.php?rest_route=%2Fwp%2Fv2%2Fmedia&parent=823"}],"curies":[{"name":"wp","href":"https:\/\/api.w.org\/{rel}","templated":true}]}}