{"id":733,"date":"2015-12-11T14:23:22","date_gmt":"2015-12-11T13:23:22","guid":{"rendered":"http:\/\/www.gs-rohrsen.de\/wp\/?page_id=733"},"modified":"2015-12-11T14:23:22","modified_gmt":"2015-12-11T13:23:22","slug":"schulstart","status":"publish","type":"page","link":"https:\/\/www.gs-rohrsen.de\/wp\/?page_id=733","title":{"rendered":"Schulstart"},"content":{"rendered":"<p>Die Schulpflicht in Niedersachsen beginnt mit der Grundschule. Die Grundschule umfasst die Schuljahrg\u00e4nge 1 bis 4. Sie schlie\u00dft an den Erziehungs- und Bildungsauftrag f\u00fcr Tageseinrichtungen f\u00fcr Kinder an und f\u00fchrt systematisch zu den spezifischen Formen des Lernens in den F\u00e4chern der Grundschule.<br \/>\nDas Kultusministerium hat zum <span style=\"text-decoration: underline;\">Schulstart<\/span> einen Flyer herausgegeben, den Sie unter folgendem Link finden:<br \/>\n<a href=\"http:\/\/www.mk.niedersachsen.de\/download\/102837\/Mein_Schultag_Flyer.pdf\">http:\/\/www.mk.niedersachsen.de\/download\/102837\/Mein_Schultag_Flyer.pdf<\/a><\/p>\n<p>Kinder brauchen die Freiheit, Ihre Umwelt allein ohne Erwachsene zu entdecken. Das gilt auch f\u00fcr den <span style=\"text-decoration: underline;\">Schulweg<\/span>. Es ist spannend auf dem Schulweg Freundinnen und Freunde zu treffen, Geheimnisse auszutauschen, Tiere zu beobachten, Laufspiele zu veranstalten oder in einer erfundenen Sprache zu reden.<\/p>\n<p>Deswegen ist es wichtig, dass Eltern ihren Kindern die M\u00f6glichkeit geben, im wahrsten Sinne selbstst\u00e4ndig zu werden. Nachdem die Eltern gemeinsam mit Ihren Kindern den Schulweg trainiert haben, sollten Kinder daher wo und wann immer es geht, den Schulweg zu Fu\u00df und nicht oder so wenig wie m\u00f6glich mit dem Fahrzeug zur\u00fccklegen.<br \/>\nInsbesondere wird so vermieden, den Tag unter Zeitdruck im Verkehrschaos vor der Schule zu beginnen und das eigene Kind und andere Kinder unter Umst\u00e4nden im Verkehrsstau vor der Schule zu gef\u00e4hrden.<\/p>\n<p>Sehen Sie hierzu ein Musikvideo:<br \/>\n<a href=\"http:\/\/www.nibis.de\/nibis.php?menid=7069\">http:\/\/www.nibis.de\/nibis.php?menid=7069<\/a><\/p>\n","protected":false},"excerpt":{"rendered":"<p>Die Schulpflicht in Niedersachsen beginnt mit der Grundschule. Die Grundschule umfasst die Schuljahrg\u00e4nge 1 bis 4. Sie schlie\u00dft an den Erziehungs- und Bildungsauftrag f\u00fcr Tageseinrichtungen f\u00fcr Kinder an und f\u00fchrt systematisch zu den spezifischen Formen des Lernens in den F\u00e4chern der Grundschule. Das Kultusministerium hat zum Schulstart einen Flyer herausgegeben, den Sie unter folgendem Link &hellip; <a href=\"https:\/\/www.gs-rohrsen.de\/wp\/?page_id=733\" class=\"more-link\"><span class=\"screen-reader-text\">Schulstart<\/span> weiterlesen <span class=\"meta-nav\">&rarr;<\/span><\/a><\/p>\n","protected":false},"author":2,"featured_media":0,"parent":0,"menu_order":0,"comment_status":"closed","ping_status":"closed","template":"","meta":{"footnotes":""},"class_list":["post-733","page","type-page","status-publish","hentry"],"_links":{"self":[{"href":"https:\/\/www.gs-rohrsen.de\/wp\/index.php?rest_route=\/wp\/v2\/pages\/733","targetHints":{"allow":["GET"]}}],"collection":[{"href":"https:\/\/www.gs-rohrsen.de\/wp\/index.php?rest_route=\/wp\/v2\/pages"}],"about":[{"href":"https:\/\/www.gs-rohrsen.de\/wp\/index.php?rest_route=\/wp\/v2\/types\/page"}],"author":[{"embeddable":true,"href":"https:\/\/www.gs-rohrsen.de\/wp\/index.php?rest_route=\/wp\/v2\/users\/2"}],"replies":[{"embeddable":true,"href":"https:\/\/www.gs-rohrsen.de\/wp\/index.php?rest_route=%2Fwp%2Fv2%2Fcomments&post=733"}],"version-history":[{"count":1,"href":"https:\/\/www.gs-rohrsen.de\/wp\/index.php?rest_route=\/wp\/v2\/pages\/733\/revisions"}],"predecessor-version":[{"id":734,"href":"https:\/\/www.gs-rohrsen.de\/wp\/index.php?rest_route=\/wp\/v2\/pages\/733\/revisions\/734"}],"wp:attachment":[{"href":"https:\/\/www.gs-rohrsen.de\/wp\/index.php?rest_route=%2Fwp%2Fv2%2Fmedia&parent=733"}],"curies":[{"name":"wp","href":"https:\/\/api.w.org\/{rel}","templated":true}]}}