{"id":686,"date":"2015-11-25T15:33:57","date_gmt":"2015-11-25T14:33:57","guid":{"rendered":"http:\/\/www.gs-rohrsen.de\/wp\/?page_id=686"},"modified":"2015-11-25T15:42:52","modified_gmt":"2015-11-25T14:42:52","slug":"leitbild-inhalte","status":"publish","type":"page","link":"https:\/\/www.gs-rohrsen.de\/wp\/?page_id=686","title":{"rendered":"Inhalte"},"content":{"rendered":"<h3><span style=\"color: #ff0000;\"><strong>\u201eGrundschule Hameln-Rohrsen &#8211; vielf\u00e4ltig &#8211; anders &#8211; mehr \u2026\u201c<\/strong><\/span><\/h3>\n<p>Die folgenden sechs Schwerpunkte unserer Arbeit fassen die schulischen Aufgaben und Inhalte zusammen, die uns f\u00fcr das Lernen und Leben in unserer Schule wichtig sind.<\/p>\n<p>Die einzelnen Unterpunkte k\u00f6nnen schuljahresweise noch erweitert oder ver\u00e4ndert werden und erheben in dieser stichwortartigen Aufz\u00e4hlung keinen Anspruch auf Vollst\u00e4ndigkeit.<\/p>\n<h5><strong><u>Wir leben<\/u><\/strong><\/h5>\n<h5><strong><u>Qualit\u00e4t der Lehre<\/u><\/strong><\/h5>\n<p><strong>Uns ist es wichtig, dass alle Sch\u00fclerinnen und Sch\u00fcler ein eigenes positives Lernverhalten entwickeln. Das erreichen wir durch einen zeitgem\u00e4\u00dfen, vielf\u00e4ltigen und professionellen Unterricht.<\/strong><\/p>\n<ul>\n<li>Einsatz von aktuellen Unterrichtswerken<\/li>\n<li>f\u00e4cher\u00fcbergreifendes Lernen<\/li>\n<li>Werkstattunterricht<\/li>\n<li>handlungsorientierter Unterricht<\/li>\n<li>Medieneinsatz und PC-AG<\/li>\n<li>Sprachlernklasse<\/li>\n<li>Lernen an Stationen<\/li>\n<li>Lernen mit allen Sinnen<\/li>\n<li>Methodentage<\/li>\n<li>Methodentraining<\/li>\n<li>Anleitung zum selbstst\u00e4ndigen Lernen<\/li>\n<li>Arbeit mit dem Wochenplan<\/li>\n<li>Entwicklung von selbstverantwortlichem Lernen u. Leben<\/li>\n<\/ul>\n<h5><strong><u>Individuelle F\u00f6rderung:<\/u><\/strong><\/h5>\n<p><strong>Wir unterst\u00fctzen und begleiten alle Kinder entsprechend ihrer M\u00f6glichkeiten.<\/strong><\/p>\n<p><u>innerhalb des Unterrichts:<\/u><\/p>\n<ul>\n<li>Schuleingangsdiagnostik<\/li>\n<li>Sonderp\u00e4dagogische Grundversorgung<\/li>\n<li>F\u00f6rderung durch Differenzierung<\/li>\n<li>\u00d6ffnung des Unterrichts<\/li>\n<li>vorschulische Sprachf\u00f6rderung \u201eFit in Deutsch\u201c<\/li>\n<li>F\u00f6rderunterricht\/ Sprachf\u00f6rderunterricht \u201eDeutsch als Zweitsprache\u201c<\/li>\n<li>Unterst\u00fctzung durch Lesem\u00fctter\/ p\u00e4d. Mitarbeiter<\/li>\n<li>Projektarbeit<\/li>\n<li>j\u00e4hrliche Projektwoche<\/li>\n<li>ANTOLIN-Lesef\u00f6rderung<\/li>\n<li>Methodentage<\/li>\n<li>F\u00f6rderung der musikalischen F\u00e4higkeiten (Schulchor\/ Fl\u00f6ten-AGs)<\/li>\n<li>Angebote unterschiedlicher Arbeitsgemeinschaften<\/li>\n<\/ul>\n<p><u>au\u00dferhalb des Unterrichts:<\/u><\/p>\n<ul>\n<li>vertrauensvolle Zusammenarbeit der Lehrkr\u00e4fte<\/li>\n<li>Telefonate mit Eltern\/ Hausbesuche<\/li>\n<li>P\u00e4dagogische Konferenzen (viertelj\u00e4hrlich)<\/li>\n<li>Kooperation mit Erzieher\/innen des Kinderhauses<\/li>\n<li>t\u00e4gliche Hausaufgabenbetreuung (NachMittags-Club e. V.)<\/li>\n<li>Zusammenarbeit mit z. B.<br \/>\n&#8211; ZBE (Zentrum f\u00fcr Beratung und Erziehung)<br \/>\n&#8211; Jugendamt u anderen Institutionen<br \/>\n&#8211; Therapeuten und Psychologen<br \/>\n&#8211; F\u00f6rderschulen und Mobilen Dienste<\/li>\n<\/ul>\n<ul>\n<li>Zusammenarbeit mit SAM e. V. und dem JobCenter durch das nieders\u00e4chsische Programm \u201eBildung und Teilhabe\u201c<br \/>\n&#8211; Sch\u00fclerhilfe und F\u00f6rderma\u00dfnahmen im Anschluss an den Unterricht<br \/>\n&#8211; Unterst\u00fctzung bei Klassenfahrten und -Ausfl\u00fcgen<\/li>\n<\/ul>\n<h5><strong><u>Integration<\/u><\/strong><\/h5>\n<p style=\"text-align: left;\"><strong>Uns ist es wichtig, dass sich alle bei uns willkommen f\u00fchlen. Daher sorgen wir f\u00fcr die bestm\u00f6glichen Bedingungen.<\/strong><\/p>\n<p><u>intern:<\/u><\/p>\n<ul>\n<li>kulturelle Vielfalt erfahrbar machen und als Chance sehen<\/li>\n<li>Sprachlernklasse\/ Regelklasse<\/li>\n<li>soziales Lernen <u>aller<\/u> Sch\u00fcler<\/li>\n<li>Inklusion<\/li>\n<li>Gewaltfrei lernen<\/li>\n<li>FAUSTLOS<\/li>\n<li>Klasse 2000<\/li>\n<li>Elternarbeit mit Dolmetscher<\/li>\n<li>Erziehung an einem Strang<\/li>\n<li>Schulsozialarbeit (beantragt)<\/li>\n<li>zus\u00e4tzliche Unterst\u00fctzung durch p\u00e4dagogische Mitarbeiter von SAM e.V.<\/li>\n<\/ul>\n<p><u>extern:<\/u><\/p>\n<ul>\n<li>F\u00f6rderung im \u201eKuckucksnest\u201c<\/li>\n<li>Mitwirkung am \u201eRunden Tisch &#8211; Kuckuck\u201c<\/li>\n<li>Kooperationen mit<\/li>\n<li>NachMittags-Club Grundschule Hameln-Rohrsen e. V.<\/li>\n<li>Kinderhaus Rohrsen\/ Hilligsfeld<\/li>\n<li>SAM &#8211; Sozial-Aktiv-Menschlich e. V.<\/li>\n<li>MTV Rohrsen, TB Hilligsfeld, TC Hameln<\/li>\n<li>Ortsvorsteher Rohrsen und Ortsb\u00fcrgermeister Hilligsfeld<\/li>\n<\/ul>\n<h5><strong><u>Bewegung + Gesundheit<\/u><\/strong><strong>\u00a0\u00a0\u00a0 <\/strong><\/h5>\n<p><strong>Wir unterst\u00fctzen und f\u00f6rdern eine sportliche und gesunde Lebensweise.<br \/>\n<\/strong><\/p>\n<ul>\n<li>Bewegungseinheiten im Unterricht und im Morgenkreis<\/li>\n<li>Bewegte Schule\/ Sportfreundliche Schule<\/li>\n<li>Sport-AGs f\u00fcr Kl. 3\/4<\/li>\n<li>Teilnahme am \u201eT.O.R.-Projekt (Toleranz, Offenheit, Respekt)\u201c \u2013\u00a0\u00a0\u00a0\u00a0\u00a0\u00a0 Einrichtung einer zus\u00e4tzlichen 3. Sportstunde im Stundenplan aller Klassen in Kooperation mit dem TC Hameln<\/li>\n<\/ul>\n<ul>\n<li>Ein ganzes Schuljahr Schwimmunterricht mit zwei Lehrkr\u00e4ften (ab Kl. 2 -f\u00fcr Schwimmer u. Nichtschwimmer<\/li>\n<\/ul>\n<ul>\n<li>Ergonomisches Mobiliar in den Klassenr\u00e4umen<\/li>\n<li>Bewegungsf\u00f6rdernde Projekte (Zirkus, Rope Skipping, Gummitwist\u2026)<\/li>\n<li>bewegungsfreundliches Au\u00dfengel\u00e4nde<br \/>\n&#8211; Kletterwand<br \/>\n&#8211; Hangelstrecke<br \/>\n&#8211; unterschiedliche Fahrzeuge<br \/>\n&#8211; Spielh\u00e4uschen f\u00fcr die Pause<br \/>\n&#8211; freie Spielwiese mit Fu\u00dfballtoren<br \/>\n&#8211; Kletterger\u00e4te, Wippe, Reckstangen, Weidentunnel<\/li>\n<\/ul>\n<ul>\n<li>Verkehrstag<\/li>\n<li>\u201eMit dem Rad zur Schule\u201c<\/li>\n<li>Bundesjugendspiele<\/li>\n<li>Laufabzeichen<\/li>\n<li>Deutsches Sportabzeichen<\/li>\n<li>Teilnahme am Fu\u00dfballturnier Hamelner Grundschulen<\/li>\n<li>Sponsorenlauf<\/li>\n<li>Kooperationen mit Sportvereinen \u2013 Sportarten stellen sich vor<\/li>\n<li>Teilnahme am EU-Programm \u201eSchulobst\u201c<\/li>\n<li>\u201eGesunde Brotdose\u201c\/ Gesundes Fr\u00fchst\u00fcck<\/li>\n<li>t\u00e4gliches Angebot von Schulmilch<\/li>\n<\/ul>\n<h5><strong><u>\u00d6kologisches Bewusstsein<\/u><\/strong><strong><u>\u00a0 <\/u><\/strong><\/h5>\n<p><strong>Uns ist es wichtig, dass wir alle verantwortungsvoll mit der Natur umgehen.<\/strong><\/p>\n<ul>\n<li>Regelm\u00e4\u00dfige Projekte zu \u201eUmweltschule in Europa\u201c\/ Umweltteam der Schule &#8211; Bisher sechs Auszeichnungen des Kultusministeriums f\u00fcr herausragendes Engagement)<\/li>\n<\/ul>\n<ul>\n<li>Umwelt-AG\/ Klima-AG<\/li>\n<li>Umwelt-Projekttage<\/li>\n<li>M\u00fclltrennung\/ -vermeidung<\/li>\n<li>Energiesparma\u00dfnahmen<\/li>\n<li>Nutzung von Recyclingpapier<\/li>\n<li>Hinweis auf umweltfreundliche Unterrichtsmaterialien<\/li>\n<li>Organisation von Flohm\u00e4rkten (B\u00fccher, Spielsachen, Lernmittel)<\/li>\n<li>Schulgarten<\/li>\n<li>Insektenhotel<\/li>\n<li>\u201eGr\u00fcnes Klassenzimmer\u201c<\/li>\n<\/ul>\n<h5><strong><u>Gemeinsame Werte<\/u><\/strong><strong>\u00a0\u00a0\u00a0\u00a0\u00a0\u00a0\u00a0\u00a0 <\/strong><\/h5>\n<p><strong>Wir unterst\u00fctzen und f\u00f6rdern einen respektvollen und freundlichen Umgang miteinander. Daf\u00fcr setzen sich Eltern, Sch\u00fcler und Lehrer gemeinsam ein. <\/strong><\/p>\n<p><u>Aktivit\u00e4ten der Lehrkr\u00e4fte\/ Sch\u00fcler:<\/u><\/p>\n<ul>\n<li>Rituale<\/li>\n<li>H\u00f6flichkeit, Freundlichkeit, Begr\u00fc\u00dfung, Zuh\u00f6ren, Ordnung, Verl\u00e4sslichkeit<\/li>\n<li>t\u00e4glicher Morgenkreis aller Sch\u00fclerinnen und Sch\u00fcler<\/li>\n<li>Sofortiges Handeln bei Konflikten und Kl\u00e4rung mit allen Beteiligten<\/li>\n<li>Gemeinsame Klassen- und Schulregeln<\/li>\n<li>Schulsozialarbeit (beantragt)<\/li>\n<li>Klassensprechereinsatz\/-treffen<\/li>\n<li>\u00d6ffentlichkeitsarbeit<\/li>\n<li>aktuelle Homepage<\/li>\n<li>Schulbrosch\u00fcre<\/li>\n<li>F\u00f6rderung der Identifikation mit der Schule (Schul-T-Shirts u. Sweatshirts)<\/li>\n<li>Engagement der Lehrkr\u00e4fte f\u00fcr ihre Sch\u00fclerinnen und Sch\u00fcler<\/li>\n<li>Schulausfl\u00fcge<\/li>\n<li>Einbeziehung der Eltern<\/li>\n<\/ul>\n<p><u>Aktivit\u00e4ten der Eltern:<\/u><\/p>\n<ul>\n<li>Mitwirkung am Schulleben<\/li>\n<\/ul>\n<p>&#8211; Teilnahme an Elternabenden<br \/>\n&#8211; Unterst\u00fctzung bei Festen<br \/>\n&#8211; Hilfen beim Lernen<br \/>\n&#8211; Beteiligung an Projekten (\u201eSchulobst\u201c, Methodentage, Bundesjugendspiele, \u00a0\u00a0\u00a0\u00a0\u00a0\u00a0 Klassenausfl\u00fcgen, Theaterauff\u00fchrungen, Chorauftritten \u2026)<\/p>\n<ul>\n<li>Elternvertretung<\/li>\n<\/ul>\n<p>&#8211; Gestaltung von Klassenelternabenden, &#8211; festen, -ausfl\u00fcgen<br \/>\n&#8211; Schulelternrat<br \/>\n&#8211; Schulvorstand<br \/>\n&#8211; Gesamtkonferenz<br \/>\n&#8211; Fachkonfenzen<br \/>\n&#8211; Zeugnis- u. Klassenkonferenzen<\/p>\n<ul>\n<li>F\u00f6rderverein Grundschule Hameln-Rohrsen e. V.<\/li>\n<li>\u00d6ffentlichkeitsarbeit<\/li>\n<li>Anschaffung von Schul-T-Shirts und \u2013Sweat-Shirts zur Identifikation mit der Schule<\/li>\n<\/ul>\n<ul>\n<li>Aktive Beteiligung an Gemeinschaftsaktionen (z. B. Gartentag,\u00a0\u00a0\u00a0\u00a0\u00a0\u00a0 Schulkonzert, Schulfest, Projektabschlussfest)<\/li>\n<\/ul>\n","protected":false},"excerpt":{"rendered":"<p>\u201eGrundschule Hameln-Rohrsen &#8211; vielf\u00e4ltig &#8211; anders &#8211; mehr \u2026\u201c Die folgenden sechs Schwerpunkte unserer Arbeit fassen die schulischen Aufgaben und Inhalte zusammen, die uns f\u00fcr das Lernen und Leben in unserer Schule wichtig sind. Die einzelnen Unterpunkte k\u00f6nnen schuljahresweise noch erweitert oder ver\u00e4ndert werden und erheben in dieser stichwortartigen Aufz\u00e4hlung keinen Anspruch auf Vollst\u00e4ndigkeit. Wir &hellip; <a href=\"https:\/\/www.gs-rohrsen.de\/wp\/?page_id=686\" class=\"more-link\"><span class=\"screen-reader-text\">Inhalte<\/span> weiterlesen <span class=\"meta-nav\">&rarr;<\/span><\/a><\/p>\n","protected":false},"author":2,"featured_media":0,"parent":0,"menu_order":0,"comment_status":"closed","ping_status":"closed","template":"","meta":{"footnotes":""},"class_list":["post-686","page","type-page","status-publish","hentry"],"_links":{"self":[{"href":"https:\/\/www.gs-rohrsen.de\/wp\/index.php?rest_route=\/wp\/v2\/pages\/686","targetHints":{"allow":["GET"]}}],"collection":[{"href":"https:\/\/www.gs-rohrsen.de\/wp\/index.php?rest_route=\/wp\/v2\/pages"}],"about":[{"href":"https:\/\/www.gs-rohrsen.de\/wp\/index.php?rest_route=\/wp\/v2\/types\/page"}],"author":[{"embeddable":true,"href":"https:\/\/www.gs-rohrsen.de\/wp\/index.php?rest_route=\/wp\/v2\/users\/2"}],"replies":[{"embeddable":true,"href":"https:\/\/www.gs-rohrsen.de\/wp\/index.php?rest_route=%2Fwp%2Fv2%2Fcomments&post=686"}],"version-history":[{"count":5,"href":"https:\/\/www.gs-rohrsen.de\/wp\/index.php?rest_route=\/wp\/v2\/pages\/686\/revisions"}],"predecessor-version":[{"id":692,"href":"https:\/\/www.gs-rohrsen.de\/wp\/index.php?rest_route=\/wp\/v2\/pages\/686\/revisions\/692"}],"wp:attachment":[{"href":"https:\/\/www.gs-rohrsen.de\/wp\/index.php?rest_route=%2Fwp%2Fv2%2Fmedia&parent=686"}],"curies":[{"name":"wp","href":"https:\/\/api.w.org\/{rel}","templated":true}]}}