{"id":633,"date":"2015-10-12T11:02:51","date_gmt":"2015-10-12T09:02:51","guid":{"rendered":"http:\/\/www.gs-rohrsen.de\/wp\/?page_id=633"},"modified":"2015-10-12T11:02:51","modified_gmt":"2015-10-12T09:02:51","slug":"ausstellung-leben-im-kuckuck","status":"publish","type":"page","link":"https:\/\/www.gs-rohrsen.de\/wp\/?page_id=633","title":{"rendered":"Ausstellung &#8222;Leben im Kuckuck&#8220;"},"content":{"rendered":"<table class=\"contentpaneopen\" style=\"height: 5px;\" width=\"368\">\n<tbody>\n<tr>\n<td class=\"contentheading\" width=\"100%\">Ausstellungser\u00f6ffnung in der Stadtsparkasse<\/td>\n<\/tr>\n<\/tbody>\n<\/table>\n<table class=\"contentpaneopen\">\n<tbody>\n<tr>\n<td colspan=\"2\" valign=\"top\">Am 20. November 2014 er\u00f6ffneten 26 Kinder unserer Schule die Ausstellung &#8222;Leben im Kuckuck&#8220; der K\u00fcnstlerin Natalja Ovodkova in der Stadtsparkasse Hameln mit dem Tanz&#8220; A E I O U &#8211; du geh\u00f6rst doch mit dazu!&#8220;.<\/p>\n<p><img loading=\"lazy\" decoding=\"async\" class=\"aligncenter\" title=\"3\" src=\"http:\/\/www.gs-rohrsen.de\/wb\/media\/2014\/ausstellung-kuckuck-2014-1.jpg\" alt=\"3\" width=\"267\" height=\"200\" \/><\/p>\n<p>Bei dem Er\u00f6ffnungslied sangen und tanzten viele Kinder aus dem Wohngebiet engagiert mit und zeigten allen Er\u00f6ffnungsbesuchern, wie gut in der Grundschule Rohrsen die Integration funktioniert.<\/p>\n<p>Die Malerin\u00a0Natalja Ovodkova hat eindrucksvolle Aquarelle gemalt, die anschaulich zeigen, wie die Menschen im Wohngebiet &#8222;Kuckuck&#8220; wohnen und leben. Viele Familien unserer Sch\u00fclerinnen und Sch\u00fcler sind auf den Bildern zu sehen und auch den Kontaktbeamten der Polizei, Herrn Meinberg, erkennt man gut im Gespr\u00e4ch mit den Anwohnern. Die Leiterin des &#8222;Kuckucksnests&#8220;, Tatjana Bartschke, ist mit &#8222;ihren&#8220; Kindern ebenso gut getroffen wie die Fr\u00fchst\u00fccksrunde der rum\u00e4nischen Frauen.<\/p>\n<p><img loading=\"lazy\" decoding=\"async\" class=\"aligncenter\" title=\"5\" src=\"http:\/\/www.gs-rohrsen.de\/wb\/media\/2014\/ausstellung-kuckuck-2014-2.jpg\" alt=\"5\" width=\"323\" height=\"234\" \/><\/p>\n<p>Die Ausstellung wurde gemeinsam mit dem Verein &#8222;SAM &#8211; Sozial &#8211; Aktiv &#8211; Menschlich e. V.&#8220; gestaltet und ist noch bis Mitte Dezember 2014 in der Stadtsparkasse Hameln, Osterstra\u00dfe, zu sehen.<\/td>\n<\/tr>\n<\/tbody>\n<\/table>\n","protected":false},"excerpt":{"rendered":"<p>Ausstellungser\u00f6ffnung in der Stadtsparkasse Am 20. November 2014 er\u00f6ffneten 26 Kinder unserer Schule die Ausstellung &#8222;Leben im Kuckuck&#8220; der K\u00fcnstlerin Natalja Ovodkova in der Stadtsparkasse Hameln mit dem Tanz&#8220; A E I O U &#8211; du geh\u00f6rst doch mit dazu!&#8220;. Bei dem Er\u00f6ffnungslied sangen und tanzten viele Kinder aus dem Wohngebiet engagiert mit und zeigten &hellip; <a href=\"https:\/\/www.gs-rohrsen.de\/wp\/?page_id=633\" class=\"more-link\"><span class=\"screen-reader-text\">Ausstellung &#8222;Leben im Kuckuck&#8220;<\/span> weiterlesen <span class=\"meta-nav\">&rarr;<\/span><\/a><\/p>\n","protected":false},"author":2,"featured_media":0,"parent":0,"menu_order":0,"comment_status":"closed","ping_status":"closed","template":"","meta":{"footnotes":""},"class_list":["post-633","page","type-page","status-publish","hentry"],"_links":{"self":[{"href":"https:\/\/www.gs-rohrsen.de\/wp\/index.php?rest_route=\/wp\/v2\/pages\/633","targetHints":{"allow":["GET"]}}],"collection":[{"href":"https:\/\/www.gs-rohrsen.de\/wp\/index.php?rest_route=\/wp\/v2\/pages"}],"about":[{"href":"https:\/\/www.gs-rohrsen.de\/wp\/index.php?rest_route=\/wp\/v2\/types\/page"}],"author":[{"embeddable":true,"href":"https:\/\/www.gs-rohrsen.de\/wp\/index.php?rest_route=\/wp\/v2\/users\/2"}],"replies":[{"embeddable":true,"href":"https:\/\/www.gs-rohrsen.de\/wp\/index.php?rest_route=%2Fwp%2Fv2%2Fcomments&post=633"}],"version-history":[{"count":2,"href":"https:\/\/www.gs-rohrsen.de\/wp\/index.php?rest_route=\/wp\/v2\/pages\/633\/revisions"}],"predecessor-version":[{"id":635,"href":"https:\/\/www.gs-rohrsen.de\/wp\/index.php?rest_route=\/wp\/v2\/pages\/633\/revisions\/635"}],"wp:attachment":[{"href":"https:\/\/www.gs-rohrsen.de\/wp\/index.php?rest_route=%2Fwp%2Fv2%2Fmedia&parent=633"}],"curies":[{"name":"wp","href":"https:\/\/api.w.org\/{rel}","templated":true}]}}