{"id":572,"date":"2026-01-15T15:32:32","date_gmt":"2026-01-15T14:32:32","guid":{"rendered":"http:\/\/www.gs-rohrsen.de\/wp\/?page_id=572"},"modified":"2026-01-15T15:42:07","modified_gmt":"2026-01-15T14:42:07","slug":"paed-mitarbeiterinnen","status":"publish","type":"page","link":"https:\/\/www.gs-rohrsen.de\/wp\/?page_id=572","title":{"rendered":"P\u00e4dagogische Mitarbeiter\/innen"},"content":{"rendered":"<p>Als <b><u>p\u00e4dagogische Mitarbeiterin<\/u><\/b><strong><u>nen<\/u> im Dienst des Regionalen Landesamtes f\u00fcr Schule und Bildung<\/strong> stehen uns in diesem Schuljahr <b>Frau Boeckler, <\/b><strong>Frau Schulze und Herr Brachmann (&#8222;Matze&#8220;)<\/strong> f\u00fcr Unterrichtsvertretung zur Verf\u00fcgung. Sie betreuen die Klassen bei kurzfristigen \u201eNotf\u00e4llen\u201c (z. B. bei Erkrankung einer Lehrkraft) und unterst\u00fctzen uns im Unterricht der Verl\u00e4sslichen Grundschule.<\/p>\n<p><strong>Frau Boeckler, Herr Brachmann (&#8222;Matze&#8220;), Frau Tr\u00fctzschler und Frau Paech <\/strong>leiten t\u00e4glich von 12.00 \u2013 12.45 Uhr die <b>schulischen Betreuungsgruppen<\/b> f\u00fcr die Kinder der 1. und 2. Klassen. Dort kann man mit ihnen spielen, basteln, malen oder Hausaufgaben machen.<br \/>\nHierf\u00fcr ist zu Beginn des Schuljahres eine schriftliche Anmeldung im Sekretariat erforderlich!<\/p>\n<p><b>Frau Boeckler<\/b><strong>, Frau Schmicking<\/strong> und <strong>Frau Slijters <\/strong>leiten dar\u00fcber hinaus die <b><u>st\u00e4dtischen<\/u><\/b> <b><u>Nachmittagsbetreuungsgruppen<\/u><\/b> an unserer Schule t\u00e4glich ab 12.45 Uhr. Eine Anmeldung hierf\u00fcr erfolgt bitte im Rathaus der Stadt Hameln.<\/p>\n<p>In Kooperation mit der AmPULS gGmbH Hameln \u00fcbernehmen <strong>Frau Paech, Herr W\u00e4sche, Herr &#8222;Matze&#8220; Brachmann, Frau Turcu, Frau Tr\u00fctzschler und Frau Arneke <\/strong>an einzelnen Tagen zus\u00e4tzliche Aufgaben in unserer Schule. Sie helfen z. B. einzelnen Kindern beim Lesen, unterst\u00fctzen die Lehrkr\u00e4fte im Unterricht und bei der ANTOLIN-Lesef\u00f6rderung, erteilen individuelle Lernf\u00f6rderung im Rahmen des BuT-Pakets, betreuen kranke Kinder, bis sie von ihren Eltern abgeholt werden und sind auch in der t\u00e4glichen Hausaufgabenhilfe bzw. au\u00dferschulisch im &#8222;KuckuckTreff&#8220; eingesetzt.<br \/>\nZus\u00e4tzlich hilft uns <strong>Frau Turcu<\/strong> bei \u00dcbersetzungen und beim Dolmetschen der rum\u00e4nischen Sprache.<\/p>\n<p><strong>Frau Junker<\/strong> und <strong>Frau Sultic<\/strong> sind seit diesem Jahr als Klassenassistenzen in den Klassen 1a und 1b eingesetzt. Sie begleiten alle Kinder &#8222;ihrer&#8220; Klassen \u00fcber den ganzen Schulvormittag und unterst\u00fctzen sie im Unterricht.<\/p>\n<p><strong>Frau Paech<\/strong> k\u00fcmmert sich auch in diesem Jahr zusammen mit den p\u00e4d. Mitarbeitern wieder sehr engagiert um die Vorbereitung und die Verteilung des <strong>Schulobsts<\/strong><strong>! <\/strong>Seit August 2017 sind wir in diesem EU-Schulprogramm dabei und d\u00fcrfen Obst und Gem\u00fcse an vier Tagen in der Woche an alle Kinder kostenlos austeilen. \ud83d\ude42<\/p>\n<p>&nbsp;<\/p>\n","protected":false},"excerpt":{"rendered":"<p>Als p\u00e4dagogische Mitarbeiterinnen im Dienst des Regionalen Landesamtes f\u00fcr Schule und Bildung stehen uns in diesem Schuljahr Frau Boeckler, Frau Schulze und Herr Brachmann (&#8222;Matze&#8220;) f\u00fcr Unterrichtsvertretung zur Verf\u00fcgung. Sie betreuen die Klassen bei kurzfristigen \u201eNotf\u00e4llen\u201c (z. B. bei Erkrankung einer Lehrkraft) und unterst\u00fctzen uns im Unterricht der Verl\u00e4sslichen Grundschule. Frau Boeckler, Herr Brachmann (&#8222;Matze&#8220;), &hellip; <a href=\"https:\/\/www.gs-rohrsen.de\/wp\/?page_id=572\" class=\"more-link\"><span class=\"screen-reader-text\">P\u00e4dagogische Mitarbeiter\/innen<\/span> weiterlesen <span class=\"meta-nav\">&rarr;<\/span><\/a><\/p>\n","protected":false},"author":2,"featured_media":0,"parent":0,"menu_order":0,"comment_status":"closed","ping_status":"closed","template":"","meta":{"footnotes":""},"class_list":["post-572","page","type-page","status-publish","hentry"],"_links":{"self":[{"href":"https:\/\/www.gs-rohrsen.de\/wp\/index.php?rest_route=\/wp\/v2\/pages\/572","targetHints":{"allow":["GET"]}}],"collection":[{"href":"https:\/\/www.gs-rohrsen.de\/wp\/index.php?rest_route=\/wp\/v2\/pages"}],"about":[{"href":"https:\/\/www.gs-rohrsen.de\/wp\/index.php?rest_route=\/wp\/v2\/types\/page"}],"author":[{"embeddable":true,"href":"https:\/\/www.gs-rohrsen.de\/wp\/index.php?rest_route=\/wp\/v2\/users\/2"}],"replies":[{"embeddable":true,"href":"https:\/\/www.gs-rohrsen.de\/wp\/index.php?rest_route=%2Fwp%2Fv2%2Fcomments&post=572"}],"version-history":[{"count":20,"href":"https:\/\/www.gs-rohrsen.de\/wp\/index.php?rest_route=\/wp\/v2\/pages\/572\/revisions"}],"predecessor-version":[{"id":4343,"href":"https:\/\/www.gs-rohrsen.de\/wp\/index.php?rest_route=\/wp\/v2\/pages\/572\/revisions\/4343"}],"wp:attachment":[{"href":"https:\/\/www.gs-rohrsen.de\/wp\/index.php?rest_route=%2Fwp%2Fv2%2Fmedia&parent=572"}],"curies":[{"name":"wp","href":"https:\/\/api.w.org\/{rel}","templated":true}]}}