{"id":4350,"date":"2026-01-19T14:51:28","date_gmt":"2026-01-19T13:51:28","guid":{"rendered":"https:\/\/www.gs-rohrsen.de\/wp\/?page_id=4350"},"modified":"2026-01-19T14:51:28","modified_gmt":"2026-01-19T13:51:28","slug":"ganztag","status":"publish","type":"page","link":"https:\/\/www.gs-rohrsen.de\/wp\/?page_id=4350","title":{"rendered":"Ganztag"},"content":{"rendered":"\n<p>Ab dem Schuljahr 2026\/27 wird auch an unserer Schule ein schulischer Ganztag eingerichtet. <br>Gem\u00e4\u00df des Ganztagsbildungsgesetzes haben alle Kinder, die im 1. Schuljahr sind, einen Rechtsanspruch auf t\u00e4glich 8 Stunden schulische Ganztagsbetreuung. Im kommenden Jahr w\u00fcrden dann die Kinder aus den 2. Klassen dazukommen und so soll der Ganztag rechtlich gesehen bis 2030 immer weiter aufsteigen. <br>Die Stadt Hameln unterst\u00fctzt dieses Angebot aber sehr gro\u00dfz\u00fcgig finanziell, so dass ALLE Hamelner Kinder in den Klassen 1-4 bereits ab diesem Sommer das Ganztagsangebot nutzen k\u00f6nnen! \ud83d\ude42 <br>Diese Ganztagsangebote an den Grundschulen sind f\u00fcr die Familien kostenfrei &#8211; zu zahlen sind von den Eltern lediglich die Kosten f\u00fcr das gemeinsame Mittagessen in den Schulen.<\/p>\n\n\n\n<p>F\u00fcr unsere Grundschule Rohrsen haben der Schulvorstand und die Gesamtkonferenz am 09.10.25 ein Ganztagskonzept beschlossen, dass Sie  ebenfalls auf dieser Seite finden. <\/p>\n\n\n\n<p>Unsere Zeiten f\u00fcr den Ganztag: <br><br><strong>Kl. 1\/2:<\/strong><br>07:45 Uhr Fr\u00fche Lernzeit<br>Unterrichtszeiten 08:00 \u2013 12:30 Uhr <br>12:30 \u2013 13:00 Uhr Essen oder Betreuung (1. Abholzeit: 13:00 Uhr)<br>bis 14:30 Uhr: Ruhe-, Lern- und \u00dcbungszeit<br>14:30 Uhr: 2. Abholzeit<br>Anschl. Angebote bis 15:45 Uhr (3. Abholzeit)<br><br><strong>Kl.3\/4:<\/strong><br>07:45 Uhr Fr\u00fche Lernzeit<br>Unterrichtszeiten 08:00 \u2013 13:00 Uhr (1. Abholzeit)<br>13:00 \u2013 13:30 Uhr Essen <br>bis 14:30 Uhr: Lern- und \u00dcbungszeit <br>14:30 Uhr: 2. Abholzeit<br>Anschl. Angebote bis 15:45 Uhr (3. Abholzeit)<\/p>\n\n\n\n<p> <\/p>\n","protected":false},"excerpt":{"rendered":"<p>Ab dem Schuljahr 2026\/27 wird auch an unserer Schule ein schulischer Ganztag eingerichtet. Gem\u00e4\u00df des Ganztagsbildungsgesetzes haben alle Kinder, die im 1. Schuljahr sind, einen Rechtsanspruch auf t\u00e4glich 8 Stunden schulische Ganztagsbetreuung. Im kommenden Jahr w\u00fcrden dann die Kinder aus den 2. Klassen dazukommen und so soll der Ganztag rechtlich gesehen bis 2030 immer weiter &hellip; <a href=\"https:\/\/www.gs-rohrsen.de\/wp\/?page_id=4350\" class=\"more-link\"><span class=\"screen-reader-text\">Ganztag<\/span> weiterlesen <span class=\"meta-nav\">&rarr;<\/span><\/a><\/p>\n","protected":false},"author":2,"featured_media":0,"parent":0,"menu_order":0,"comment_status":"closed","ping_status":"closed","template":"","meta":{"footnotes":""},"class_list":["post-4350","page","type-page","status-publish","hentry"],"_links":{"self":[{"href":"https:\/\/www.gs-rohrsen.de\/wp\/index.php?rest_route=\/wp\/v2\/pages\/4350","targetHints":{"allow":["GET"]}}],"collection":[{"href":"https:\/\/www.gs-rohrsen.de\/wp\/index.php?rest_route=\/wp\/v2\/pages"}],"about":[{"href":"https:\/\/www.gs-rohrsen.de\/wp\/index.php?rest_route=\/wp\/v2\/types\/page"}],"author":[{"embeddable":true,"href":"https:\/\/www.gs-rohrsen.de\/wp\/index.php?rest_route=\/wp\/v2\/users\/2"}],"replies":[{"embeddable":true,"href":"https:\/\/www.gs-rohrsen.de\/wp\/index.php?rest_route=%2Fwp%2Fv2%2Fcomments&post=4350"}],"version-history":[{"count":1,"href":"https:\/\/www.gs-rohrsen.de\/wp\/index.php?rest_route=\/wp\/v2\/pages\/4350\/revisions"}],"predecessor-version":[{"id":4351,"href":"https:\/\/www.gs-rohrsen.de\/wp\/index.php?rest_route=\/wp\/v2\/pages\/4350\/revisions\/4351"}],"wp:attachment":[{"href":"https:\/\/www.gs-rohrsen.de\/wp\/index.php?rest_route=%2Fwp%2Fv2%2Fmedia&parent=4350"}],"curies":[{"name":"wp","href":"https:\/\/api.w.org\/{rel}","templated":true}]}}