{"id":435,"date":"2015-09-22T18:18:21","date_gmt":"2015-09-22T16:18:21","guid":{"rendered":"http:\/\/www.gs-rohrsen.de\/wp\/?page_id=435"},"modified":"2019-09-11T10:01:43","modified_gmt":"2019-09-11T08:01:43","slug":"unser-schulrap-2","status":"publish","type":"page","link":"https:\/\/www.gs-rohrsen.de\/wp\/?page_id=435","title":{"rendered":"Unser Schulrap"},"content":{"rendered":"<p>Damit das Schulleben m\u00f6glichst ohne Tr\u00e4nen ablaufen kann, m\u00fcssen sich alle Kinder an gewisse Regeln halten.<\/p>\n<p>Dazu lernen alle Kinder gemeinsam diesen <b><span style=\"text-decoration: underline;\">Schul-Rap<\/span><\/b>, der f\u00fcr alle in unserer Schule gilt:<\/p>\n<p align=\"center\">Hey, ihr Leute, nun h\u00f6rt mal alle her,<br \/>\ndie Schule hier in Rohrsen, die gef\u00e4llt uns sehr!<br \/>\nDrum m\u00fcssen sich die Jungen und die Alten<br \/>\nab jetzt an folgende Regeln halten:<\/p>\n<p align=\"center\">Boxen, mit den H\u00e4nden schlagen,<br \/>\nspucken, b\u00f6se Sachen sagen,<br \/>\ntreten mit den Hinterpfoten,<br \/>\ndas tut weh, drum ist\u2019s verboten!<\/p>\n<p align=\"center\">Rennen, ohne hinzusehen,<br \/>\nschubsen, wenn die ander\u2019n stehen,<br \/>\nzu laut auf dem Flur zu gehen &#8211;<br \/>\nAchtung, sonst kann viel geschehen!<\/p>\n<p align=\"center\">Hier bei uns geht\u2019s andersrum!<br \/>\nWir wollen daran denken, denn wir sind nicht dumm! (2x)<\/p>\n<p align=\"center\">\u201eFreund sein\u201c hei\u00dft: Mit andern gehen,<br \/>\nhelfen und zur Seite stehen,<br \/>\nund verzeihen, was geschehen &#8211;<br \/>\nSo macht\u2019s Spa\u00df f\u00fcr dich und mich!<\/p>\n<p align=\"center\">R\u00fccksicht nehmen, Streit verjagen,<br \/>\nallen \u201eGuten Morgen\u201c sagen,<br \/>\nso k\u00f6nnen wir uns gut vertragen<br \/>\nund so macht\u2019s Spa\u00df f\u00fcr dich und mich!<\/p>\n<p align=\"center\"><b>So macht\u2019s Spa\u00df f\u00fcr dich und mich!<\/b><\/p>\n<p align=\"center\">(Text: Birgit Albrecht\/ 2000)<\/p>\n","protected":false},"excerpt":{"rendered":"<p>Damit das Schulleben m\u00f6glichst ohne Tr\u00e4nen ablaufen kann, m\u00fcssen sich alle Kinder an gewisse Regeln halten. Dazu lernen alle Kinder gemeinsam diesen Schul-Rap, der f\u00fcr alle in unserer Schule gilt: Hey, ihr Leute, nun h\u00f6rt mal alle her, die Schule hier in Rohrsen, die gef\u00e4llt uns sehr! Drum m\u00fcssen sich die Jungen und die Alten &hellip; <a href=\"https:\/\/www.gs-rohrsen.de\/wp\/?page_id=435\" class=\"more-link\"><span class=\"screen-reader-text\">Unser Schulrap<\/span> weiterlesen <span class=\"meta-nav\">&rarr;<\/span><\/a><\/p>\n","protected":false},"author":1,"featured_media":0,"parent":0,"menu_order":0,"comment_status":"closed","ping_status":"closed","template":"","meta":{"footnotes":""},"class_list":["post-435","page","type-page","status-publish","hentry"],"_links":{"self":[{"href":"https:\/\/www.gs-rohrsen.de\/wp\/index.php?rest_route=\/wp\/v2\/pages\/435","targetHints":{"allow":["GET"]}}],"collection":[{"href":"https:\/\/www.gs-rohrsen.de\/wp\/index.php?rest_route=\/wp\/v2\/pages"}],"about":[{"href":"https:\/\/www.gs-rohrsen.de\/wp\/index.php?rest_route=\/wp\/v2\/types\/page"}],"author":[{"embeddable":true,"href":"https:\/\/www.gs-rohrsen.de\/wp\/index.php?rest_route=\/wp\/v2\/users\/1"}],"replies":[{"embeddable":true,"href":"https:\/\/www.gs-rohrsen.de\/wp\/index.php?rest_route=%2Fwp%2Fv2%2Fcomments&post=435"}],"version-history":[{"count":4,"href":"https:\/\/www.gs-rohrsen.de\/wp\/index.php?rest_route=\/wp\/v2\/pages\/435\/revisions"}],"predecessor-version":[{"id":2805,"href":"https:\/\/www.gs-rohrsen.de\/wp\/index.php?rest_route=\/wp\/v2\/pages\/435\/revisions\/2805"}],"wp:attachment":[{"href":"https:\/\/www.gs-rohrsen.de\/wp\/index.php?rest_route=%2Fwp%2Fv2%2Fmedia&parent=435"}],"curies":[{"name":"wp","href":"https:\/\/api.w.org\/{rel}","templated":true}]}}