{"id":427,"date":"2015-09-22T18:17:41","date_gmt":"2015-09-22T16:17:41","guid":{"rendered":"http:\/\/www.gs-rohrsen.de\/wp\/?page_id=427"},"modified":"2019-09-11T13:57:37","modified_gmt":"2019-09-11T11:57:37","slug":"leitbild","status":"publish","type":"page","link":"https:\/\/www.gs-rohrsen.de\/wp\/?page_id=427","title":{"rendered":"Leitbild"},"content":{"rendered":"<h3><span style=\"color: #ff0000;\"><strong><a href=\"http:\/\/www.gs-rohrsen.de\/wp\/wp-content\/uploads\/2015\/12\/P1180044.jpg\"><img loading=\"lazy\" decoding=\"async\" class=\"wp-image-1410 alignleft\" src=\"http:\/\/www.gs-rohrsen.de\/wp\/wp-content\/uploads\/2015\/12\/P1180044-248x300.jpg\" alt=\"p1180044\" width=\"263\" height=\"318\" srcset=\"https:\/\/www.gs-rohrsen.de\/wp\/wp-content\/uploads\/2015\/12\/P1180044-248x300.jpg 248w, https:\/\/www.gs-rohrsen.de\/wp\/wp-content\/uploads\/2015\/12\/P1180044-768x928.jpg 768w, https:\/\/www.gs-rohrsen.de\/wp\/wp-content\/uploads\/2015\/12\/P1180044-848x1024.jpg 848w, https:\/\/www.gs-rohrsen.de\/wp\/wp-content\/uploads\/2015\/12\/P1180044.jpg 1920w\" sizes=\"auto, (max-width: 263px) 100vw, 263px\" \/><\/a>\u201eGrundschule Hameln-Rohrsen &#8211;<\/strong><\/span><strong> <span style=\"color: #ff0000;\">vielf\u00e4ltig &#8211; anders &#8211; mehr \u2026\u201c<\/span><\/strong><\/h3>\n<p>Die folgenden sechs Schwerpunkte unserer Arbeit fassen die schulischen Aufgaben und Inhalte zusammen, die uns f\u00fcr das Lernen und Leben in unserer Schule wichtig sind:<\/p>\n<p><strong><u>Wir leben<\/u><\/strong><\/p>\n<ul>\n<li><strong><u>Qualit\u00e4t der Lehre<br \/>\n<\/u><\/strong><strong>Uns ist es wichtig, dass alle Sch\u00fclerinnen und Sch\u00fcler ein eigenes positives Lernverhalten entwickeln. Das erreichen wir durch einen zeitgem\u00e4\u00dfen, vielf\u00e4ltigen und professionellen <em>Unterricht.<\/em><\/strong><\/li>\n<\/ul>\n<ul>\n<li><strong><u>Individuelle F\u00f6rderung<br \/>\n<\/u><\/strong><strong>Wir unterst\u00fctzen und begleiten alle Kinder entsprechend ihrer M\u00f6glichkeiten.<\/strong><\/li>\n<\/ul>\n<ul>\n<li><strong><u>Integration<br \/>\n<\/u><\/strong><strong>Uns ist es wichtig, dass sich alle bei uns willkommen f\u00fchlen. Daher sorgen wir f\u00fcr die bestm\u00f6glichen Bedingungen.<\/strong><\/li>\n<\/ul>\n<ul>\n<li><strong><u>Bewegung und Gesundheit<br \/>\n<\/u><\/strong><strong>Wir unterst\u00fctzen und f\u00f6rdern eine sportliche und gesunde Lebensweise.<\/strong><\/li>\n<\/ul>\n<ul>\n<li><strong><u>\u00d6kologisches Bewusstsein<br \/>\n<\/u><\/strong><strong>Uns ist es wichtig, dass wir alle verantwortungsvoll mit der Natur umgehen.<\/strong><\/li>\n<\/ul>\n<ul>\n<li><strong><u>Gemeinsame Werte<br \/>\n<\/u><\/strong><strong>Wir unterst\u00fctzen und f\u00f6rdern einen respektvollen und freundlichen Umgang miteinander. Daf\u00fcr setzen sich Eltern, Sch\u00fcler und Lehrer gemeinsam ein. <\/strong><\/li>\n<\/ul>\n","protected":false},"excerpt":{"rendered":"<p>\u201eGrundschule Hameln-Rohrsen &#8211; vielf\u00e4ltig &#8211; anders &#8211; mehr \u2026\u201c Die folgenden sechs Schwerpunkte unserer Arbeit fassen die schulischen Aufgaben und Inhalte zusammen, die uns f\u00fcr das Lernen und Leben in unserer Schule wichtig sind: Wir leben Qualit\u00e4t der Lehre Uns ist es wichtig, dass alle Sch\u00fclerinnen und Sch\u00fcler ein eigenes positives Lernverhalten entwickeln. Das erreichen &hellip; <a href=\"https:\/\/www.gs-rohrsen.de\/wp\/?page_id=427\" class=\"more-link\"><span class=\"screen-reader-text\">Leitbild<\/span> weiterlesen <span class=\"meta-nav\">&rarr;<\/span><\/a><\/p>\n","protected":false},"author":1,"featured_media":0,"parent":0,"menu_order":0,"comment_status":"closed","ping_status":"closed","template":"","meta":{"footnotes":""},"class_list":["post-427","page","type-page","status-publish","hentry"],"_links":{"self":[{"href":"https:\/\/www.gs-rohrsen.de\/wp\/index.php?rest_route=\/wp\/v2\/pages\/427","targetHints":{"allow":["GET"]}}],"collection":[{"href":"https:\/\/www.gs-rohrsen.de\/wp\/index.php?rest_route=\/wp\/v2\/pages"}],"about":[{"href":"https:\/\/www.gs-rohrsen.de\/wp\/index.php?rest_route=\/wp\/v2\/types\/page"}],"author":[{"embeddable":true,"href":"https:\/\/www.gs-rohrsen.de\/wp\/index.php?rest_route=\/wp\/v2\/users\/1"}],"replies":[{"embeddable":true,"href":"https:\/\/www.gs-rohrsen.de\/wp\/index.php?rest_route=%2Fwp%2Fv2%2Fcomments&post=427"}],"version-history":[{"count":11,"href":"https:\/\/www.gs-rohrsen.de\/wp\/index.php?rest_route=\/wp\/v2\/pages\/427\/revisions"}],"predecessor-version":[{"id":2853,"href":"https:\/\/www.gs-rohrsen.de\/wp\/index.php?rest_route=\/wp\/v2\/pages\/427\/revisions\/2853"}],"wp:attachment":[{"href":"https:\/\/www.gs-rohrsen.de\/wp\/index.php?rest_route=%2Fwp%2Fv2%2Fmedia&parent=427"}],"curies":[{"name":"wp","href":"https:\/\/api.w.org\/{rel}","templated":true}]}}