{"id":415,"date":"2015-09-22T17:54:58","date_gmt":"2015-09-22T15:54:58","guid":{"rendered":"http:\/\/www.gs-rohrsen.de\/wp\/?page_id=415"},"modified":"2025-10-28T15:43:22","modified_gmt":"2025-10-28T14:43:22","slug":"s-a-m-e-v","status":"publish","type":"page","link":"https:\/\/www.gs-rohrsen.de\/wp\/?page_id=415","title":{"rendered":"SAM e.V."},"content":{"rendered":"<p>In Kooperation mit dem Verein <a href=\"http:\/\/www.sam-hameln.de\"><strong>&#8222;SAM &#8211; Sozial &#8211; Aktiv -Menschlich e. V.&#8220;<\/strong><\/a>, den Hamelner Schulleitungen aller Schulformen schon im Jahr 2010 miteinander gegr\u00fcndet haben, genie\u00dfen wir seit vielen Jahren verl\u00e4ssliche Unterst\u00fctzung durch viele p\u00e4dagogische Mitarbeiter und Mitarbeiterinnen in unserer Schule.<\/p>\n<p>Zusammen mit der Koordinatorin der Qualifizierungsma\u00dfnahmen f\u00fcr p\u00e4d. Mitarbeiterinnen und Mitarbeiter an Schulen im Landkreis Hameln-Pyrmont bei der IMPULS gGmbH Hameln, Gabriele Brakemeier, setzt sich SAM e. V. seither f\u00fcr die Verbesserung\u00a0 gerechter Bildungschancen an unseren Schulen ein und organisiert zus\u00e4tzliche Lernf\u00f6rderung in unseren Klassen in direkter Absprache mit den Lehrkr\u00e4ften.<\/p>\n<p>Seit 2021 haben sich <span style=\"color: #ff0000;\"><strong>SAM<\/strong><\/span> e. V. und die gGmbH <span style=\"color: #0000ff;\"><strong>IMPULS<\/strong><\/span> des Landkreises Hameln-Pyrmont zu der eigenen gGmbH <strong><span style=\"color: #ff0000;\">Am<\/span><span style=\"color: #0000ff;\">PULS<\/span><\/strong> zusammengeschlossen, wo mittlerweile \u00fcber 220 p\u00e4d. Mitarbeiterinnen und Mitarbeiter in 42 Schulen unseres Landkreises besch\u00e4ftigt sind und dort f\u00fcr eine echte Multiprofessionalit\u00e4t in den Schulen sorgen.<\/p>\n<p>Die p\u00e4dagogischen Mitarbeiterinnen und Mitarbeiter \u00fcbernehmen viele zus\u00e4tzliche Aufgaben in unserer Schule:<br \/>\nSie helfen z. B. einzelnen Kindern beim Lesen oder Rechnen, unterst\u00fctzen die Lehrkr\u00e4fte im Unterricht beim Einsatz von I-Pads oder bei der ANTOLIN-Lesef\u00f6rderung, organisieren die Sch\u00fclerb\u00fccherei, bieten auf Grund ihrer Interessen eigene AGs an, erteilen individuelle Lernf\u00f6rderung im Rahmen des nieders\u00e4chsischen &#8222;Bildung und Teilhabe&#8220;-Pakets, sind f\u00fcr die Hausaufgabenhilfe zust\u00e4ndig, betreuen kranke Kinder, bis sie von ihren Eltern abgeholt werden u. v. m..<\/p>\n<p>Begleitend dazu werden sie bei der AmPULS gGmbH st\u00e4ndig p\u00e4dagogisch weitergebildet und treffen sich schulform\u00fcbergreifend zum regelm\u00e4\u00dfigen Austausch.<\/p>\n<p>N\u00e4heres zu diesem einmaligen Erfolgsprojekt in Niedersachsen und Deutschland lesen Sie gerne unter <a href=\"https:\/\/sam-hameln.de\">SAM e. V.<\/a> oder bei <a href=\"https:\/\/www.ampuls-hmpy.de\">AmPULS Hameln<\/a><\/p>\n<p>&nbsp;<\/p>\n","protected":false},"excerpt":{"rendered":"<p>In Kooperation mit dem Verein &#8222;SAM &#8211; Sozial &#8211; Aktiv -Menschlich e. V.&#8220;, den Hamelner Schulleitungen aller Schulformen schon im Jahr 2010 miteinander gegr\u00fcndet haben, genie\u00dfen wir seit vielen Jahren verl\u00e4ssliche Unterst\u00fctzung durch viele p\u00e4dagogische Mitarbeiter und Mitarbeiterinnen in unserer Schule. Zusammen mit der Koordinatorin der Qualifizierungsma\u00dfnahmen f\u00fcr p\u00e4d. Mitarbeiterinnen und Mitarbeiter an Schulen im &hellip; <a href=\"https:\/\/www.gs-rohrsen.de\/wp\/?page_id=415\" class=\"more-link\"><span class=\"screen-reader-text\">SAM e.V.<\/span> weiterlesen <span class=\"meta-nav\">&rarr;<\/span><\/a><\/p>\n","protected":false},"author":1,"featured_media":0,"parent":0,"menu_order":0,"comment_status":"closed","ping_status":"closed","template":"","meta":{"footnotes":""},"class_list":["post-415","page","type-page","status-publish","hentry"],"_links":{"self":[{"href":"https:\/\/www.gs-rohrsen.de\/wp\/index.php?rest_route=\/wp\/v2\/pages\/415","targetHints":{"allow":["GET"]}}],"collection":[{"href":"https:\/\/www.gs-rohrsen.de\/wp\/index.php?rest_route=\/wp\/v2\/pages"}],"about":[{"href":"https:\/\/www.gs-rohrsen.de\/wp\/index.php?rest_route=\/wp\/v2\/types\/page"}],"author":[{"embeddable":true,"href":"https:\/\/www.gs-rohrsen.de\/wp\/index.php?rest_route=\/wp\/v2\/users\/1"}],"replies":[{"embeddable":true,"href":"https:\/\/www.gs-rohrsen.de\/wp\/index.php?rest_route=%2Fwp%2Fv2%2Fcomments&post=415"}],"version-history":[{"count":7,"href":"https:\/\/www.gs-rohrsen.de\/wp\/index.php?rest_route=\/wp\/v2\/pages\/415\/revisions"}],"predecessor-version":[{"id":4323,"href":"https:\/\/www.gs-rohrsen.de\/wp\/index.php?rest_route=\/wp\/v2\/pages\/415\/revisions\/4323"}],"wp:attachment":[{"href":"https:\/\/www.gs-rohrsen.de\/wp\/index.php?rest_route=%2Fwp%2Fv2%2Fmedia&parent=415"}],"curies":[{"name":"wp","href":"https:\/\/api.w.org\/{rel}","templated":true}]}}