{"id":3751,"date":"2021-10-08T16:57:44","date_gmt":"2021-10-08T14:57:44","guid":{"rendered":"https:\/\/www.gs-rohrsen.de\/wp\/?page_id=3751"},"modified":"2024-09-05T14:24:48","modified_gmt":"2024-09-05T12:24:48","slug":"klasse-1a-7","status":"publish","type":"page","link":"https:\/\/www.gs-rohrsen.de\/wp\/?page_id=3751","title":{"rendered":"Klasse 4a"},"content":{"rendered":"\n<p><\/p>\n\n\n\n<p>Wir sind die &#8222;kleinen Giraffen&#8220; in unserer Schule und wurden am 4. September 2021 eingeschult.<br>Unsere Klassenlehrerin ist Frau Grossmann-Bock. <br>Hier sieht man unser 1. Klassenfoto mit unseren Schult\u00fcten:<\/p>\n\n\n\n<figure class=\"wp-block-image size-large\"><a href=\"https:\/\/www.gs-rohrsen.de\/wp\/wp-content\/uploads\/2021\/10\/IMG_0731-scaled.jpg\"><img loading=\"lazy\" decoding=\"async\" width=\"1024\" height=\"768\" src=\"https:\/\/www.gs-rohrsen.de\/wp\/wp-content\/uploads\/2021\/10\/IMG_0731-1024x768.jpg\" alt=\"\" class=\"wp-image-3752\" srcset=\"https:\/\/www.gs-rohrsen.de\/wp\/wp-content\/uploads\/2021\/10\/IMG_0731-1024x768.jpg 1024w, https:\/\/www.gs-rohrsen.de\/wp\/wp-content\/uploads\/2021\/10\/IMG_0731-300x225.jpg 300w, https:\/\/www.gs-rohrsen.de\/wp\/wp-content\/uploads\/2021\/10\/IMG_0731-768x576.jpg 768w, https:\/\/www.gs-rohrsen.de\/wp\/wp-content\/uploads\/2021\/10\/IMG_0731-1536x1152.jpg 1536w, https:\/\/www.gs-rohrsen.de\/wp\/wp-content\/uploads\/2021\/10\/IMG_0731-2048x1536.jpg 2048w\" sizes=\"auto, (max-width: 1024px) 100vw, 1024px\" \/><\/a><figcaption>Weitere Fotos von unserer Einschulung gibt&#8217;s im Fotoarchiv zu sehen.<\/figcaption><\/figure>\n\n\n\n<figure class=\"wp-block-image size-large\"><a href=\"https:\/\/www.gs-rohrsen.de\/wp\/wp-content\/uploads\/2022\/10\/K1600_IMG_1078.jpg\"><img loading=\"lazy\" decoding=\"async\" width=\"1024\" height=\"768\" src=\"https:\/\/www.gs-rohrsen.de\/wp\/wp-content\/uploads\/2022\/10\/K1600_IMG_1078-1024x768.jpg\" alt=\"\" class=\"wp-image-3942\" srcset=\"https:\/\/www.gs-rohrsen.de\/wp\/wp-content\/uploads\/2022\/10\/K1600_IMG_1078-1024x768.jpg 1024w, https:\/\/www.gs-rohrsen.de\/wp\/wp-content\/uploads\/2022\/10\/K1600_IMG_1078-300x225.jpg 300w, https:\/\/www.gs-rohrsen.de\/wp\/wp-content\/uploads\/2022\/10\/K1600_IMG_1078-768x576.jpg 768w, https:\/\/www.gs-rohrsen.de\/wp\/wp-content\/uploads\/2022\/10\/K1600_IMG_1078-1536x1152.jpg 1536w, https:\/\/www.gs-rohrsen.de\/wp\/wp-content\/uploads\/2022\/10\/K1600_IMG_1078.jpg 1600w\" sizes=\"auto, (max-width: 1024px) 100vw, 1024px\" \/><\/a><figcaption>Hier sind wir &#8211; nachdem wir unsere Laufabzeichen geschafft haben!<\/figcaption><\/figure>\n\n\n\n<p>Im Mai 2022 haben wir in unserer Sporthalle eine Kinder-Olympiade durchgef\u00fchrt. Das hat riesigen Spa\u00df gemacht!! <\/p>\n\n\n\n<figure class=\"wp-block-image size-large\"><a href=\"https:\/\/www.gs-rohrsen.de\/wp\/wp-content\/uploads\/2022\/10\/K1600_IMG_5787.jpg\"><img loading=\"lazy\" decoding=\"async\" width=\"1024\" height=\"653\" src=\"https:\/\/www.gs-rohrsen.de\/wp\/wp-content\/uploads\/2022\/10\/K1600_IMG_5787-1024x653.jpg\" alt=\"\" class=\"wp-image-3934\" srcset=\"https:\/\/www.gs-rohrsen.de\/wp\/wp-content\/uploads\/2022\/10\/K1600_IMG_5787-1024x653.jpg 1024w, https:\/\/www.gs-rohrsen.de\/wp\/wp-content\/uploads\/2022\/10\/K1600_IMG_5787-300x191.jpg 300w, https:\/\/www.gs-rohrsen.de\/wp\/wp-content\/uploads\/2022\/10\/K1600_IMG_5787-768x489.jpg 768w, https:\/\/www.gs-rohrsen.de\/wp\/wp-content\/uploads\/2022\/10\/K1600_IMG_5787-1536x979.jpg 1536w, https:\/\/www.gs-rohrsen.de\/wp\/wp-content\/uploads\/2022\/10\/K1600_IMG_5787.jpg 1883w\" sizes=\"auto, (max-width: 1024px) 100vw, 1024px\" \/><\/a><\/figure>\n\n\n\n<figure class=\"wp-block-image size-large\"><a href=\"https:\/\/www.gs-rohrsen.de\/wp\/wp-content\/uploads\/2022\/10\/K1600_aecb2c26-03a0-4270-a8ab-bb6d1e8484ec.jpg\"><img loading=\"lazy\" decoding=\"async\" width=\"1024\" height=\"768\" src=\"https:\/\/www.gs-rohrsen.de\/wp\/wp-content\/uploads\/2022\/10\/K1600_aecb2c26-03a0-4270-a8ab-bb6d1e8484ec-1024x768.jpg\" alt=\"\" class=\"wp-image-3936\" srcset=\"https:\/\/www.gs-rohrsen.de\/wp\/wp-content\/uploads\/2022\/10\/K1600_aecb2c26-03a0-4270-a8ab-bb6d1e8484ec-1024x768.jpg 1024w, https:\/\/www.gs-rohrsen.de\/wp\/wp-content\/uploads\/2022\/10\/K1600_aecb2c26-03a0-4270-a8ab-bb6d1e8484ec-300x225.jpg 300w, https:\/\/www.gs-rohrsen.de\/wp\/wp-content\/uploads\/2022\/10\/K1600_aecb2c26-03a0-4270-a8ab-bb6d1e8484ec-768x576.jpg 768w, https:\/\/www.gs-rohrsen.de\/wp\/wp-content\/uploads\/2022\/10\/K1600_aecb2c26-03a0-4270-a8ab-bb6d1e8484ec-1536x1152.jpg 1536w, https:\/\/www.gs-rohrsen.de\/wp\/wp-content\/uploads\/2022\/10\/K1600_aecb2c26-03a0-4270-a8ab-bb6d1e8484ec.jpg 1600w\" sizes=\"auto, (max-width: 1024px) 100vw, 1024px\" \/><\/a><figcaption>Alle haben eine Urkunde bekommen! \ud83d\ude42<\/figcaption><\/figure>\n","protected":false},"excerpt":{"rendered":"<p>Wir sind die &#8222;kleinen Giraffen&#8220; in unserer Schule und wurden am 4. September 2021 eingeschult.Unsere Klassenlehrerin ist Frau Grossmann-Bock. Hier sieht man unser 1. Klassenfoto mit unseren Schult\u00fcten: Im Mai 2022 haben wir in unserer Sporthalle eine Kinder-Olympiade durchgef\u00fchrt. Das hat riesigen Spa\u00df gemacht!!<\/p>\n","protected":false},"author":2,"featured_media":0,"parent":0,"menu_order":0,"comment_status":"closed","ping_status":"closed","template":"","meta":{"footnotes":""},"class_list":["post-3751","page","type-page","status-publish","hentry"],"_links":{"self":[{"href":"https:\/\/www.gs-rohrsen.de\/wp\/index.php?rest_route=\/wp\/v2\/pages\/3751","targetHints":{"allow":["GET"]}}],"collection":[{"href":"https:\/\/www.gs-rohrsen.de\/wp\/index.php?rest_route=\/wp\/v2\/pages"}],"about":[{"href":"https:\/\/www.gs-rohrsen.de\/wp\/index.php?rest_route=\/wp\/v2\/types\/page"}],"author":[{"embeddable":true,"href":"https:\/\/www.gs-rohrsen.de\/wp\/index.php?rest_route=\/wp\/v2\/users\/2"}],"replies":[{"embeddable":true,"href":"https:\/\/www.gs-rohrsen.de\/wp\/index.php?rest_route=%2Fwp%2Fv2%2Fcomments&post=3751"}],"version-history":[{"count":5,"href":"https:\/\/www.gs-rohrsen.de\/wp\/index.php?rest_route=\/wp\/v2\/pages\/3751\/revisions"}],"predecessor-version":[{"id":4248,"href":"https:\/\/www.gs-rohrsen.de\/wp\/index.php?rest_route=\/wp\/v2\/pages\/3751\/revisions\/4248"}],"wp:attachment":[{"href":"https:\/\/www.gs-rohrsen.de\/wp\/index.php?rest_route=%2Fwp%2Fv2%2Fmedia&parent=3751"}],"curies":[{"name":"wp","href":"https:\/\/api.w.org\/{rel}","templated":true}]}}