{"id":272,"date":"2015-03-27T17:25:47","date_gmt":"2015-03-27T16:25:47","guid":{"rendered":"http:\/\/www.gs-rohrsen.de\/wp\/?page_id=272"},"modified":"2016-12-06T12:19:36","modified_gmt":"2016-12-06T11:19:36","slug":"schulengel","status":"publish","type":"page","link":"https:\/\/www.gs-rohrsen.de\/wp\/?page_id=272","title":{"rendered":"Schulengel"},"content":{"rendered":"<p><strong>Unterst\u00fctzen Sie unsere Schule durch Ihre Online-Eink\u00e4ufe!<\/strong><\/p>\n<p>Zugang zu 350 Online-Shops \u00fcber <a href=\"http:\/\/www.schulengel.de\" target=\"_blank\">www.schulengel.de<\/a><\/p>\n<p>Liebe Eltern,<br \/>\nim Jahr 2011 haben wir unsere Schule bei dem Internetportal &#8222;Schulengel&#8220; angemeldet und seitdem schon <span style=\"text-decoration: underline;\"><span style=\"color: #ff0000; text-decoration: underline;\"><strong>1003,06 \u20ac<\/strong><\/span><\/span> f\u00fcr das Konto unseres F\u00f6rdervereins gesammelt! SUPER!!!<\/p>\n<p><a href=\"http:\/\/www.schulengel.de\" target=\"_blank\"><img loading=\"lazy\" decoding=\"async\" title=\"www.schulengel.de -wer kauft, der hilft\" src=\"http:\/\/www.schulengel.de\/fileadmin\/user_upload\/Downloadmaterial\/banner_schulengel_125x125_01.gif\" alt=\"www.schulengel.de\" width=\"125\" height=\"125\" \/><\/a>Mit Hilfe von Schulengel haben wir die M\u00f6glichkeit ganz einfach und ohne zus\u00e4tzliche Kosten Gelder f\u00fcr unsere Schule zu sammeln \u2013 die wir gut f\u00fcr die F\u00f6rderung Ihrer Kinder gebrauchen k\u00f6nnen!<\/p>\n<p>Und so k\u00f6nnen Sie unser Schulengel-Projekt unterst\u00fctzen:<\/p>\n<p><strong>1. Registrieren:<\/strong> Sie registrieren sich mit einem Benutzernamen und einem selbst gew\u00e4hlten Passwort auf Schulengel:<br \/>\n<a href=\"http:\/\/www.schulengel.de\/de\/benutzerbereich\/registrierung\/\" target=\"_blank\">http:\/\/www.schulengel.de\/de\/benutzerbereich\/registrierung\/<\/a><\/p>\n<p>Sie erhalten nun eine Email von Schulengel mit einem Best\u00e4tigungslink. Nachdem Sie Ihre Anmeldung best\u00e4tigt haben, ist Ihre Anmeldung erfolgreich abgeschlossen und Sie k\u00f6nnen sich mit Ihren Zugangsdaten einloggen.<\/p>\n<p><strong>2. Unsere Schule ausw\u00e4hlen:<\/strong> W\u00e4hlen Sie nun in Ihrem Profil unsere Schule als zu unterst\u00fctzende Einrichtung aus. Einfach &#8222;Hameln&#8220; und &#8222;31789&#8220; als Postleitzahl eingeben. Da sind wir (noch) die einzige Schule!<\/p>\n<p><strong>3. Online-Einkaufen:<\/strong> Wenn Sie nun bei einem der \u00fcber 300 Partnershops (Amazon, Tchibo, Jako-o, Baur, OTTO&#8230;) von Schulengel online einkaufen gehen, wird unserer Schule ein Teil des Umsatzes (ca. 5-10%) als Danke-Sch\u00f6n-Pr\u00e4mie gutgeschrieben. Quartalsweise wird das Geld an unsere Schule ausgesch\u00fcttet und steht uns f\u00fcr unsere aktuellen Projekte zur Verf\u00fcgung.<br \/>\nDenken Sie bitte ab sofort bei jedem Internet-Einkauf an Schulengel &#8211; und geben Sie den Link an Freunde und Bekannte weiter!<\/p>\n<p>Wichtig ist, dass Sie sich vor jedem Einkauf auf Schulengel einloggen und dann erst online einkaufen. Nur so k\u00f6nnen die durch Ihren Einkauf anfallenden Provisionen unserer Schule zugeordnet werden.<\/p>\n<p>Wir freuen uns \u00fcber zahlreiche Unterst\u00fctzer und hoffen, auf diese Weise unseren Zielen wieder ein St\u00fcck n\u00e4her zu kommen.<\/p>\n<p><strong>DANKE!!<\/strong><\/p>\n<p>Vielen Dank Ihnen allen, die Sie ihre Internet-Bestellungen \u00fcber diesen kleinen Umweg erledigen und somit viel Gutes f\u00fcr unsere Schule tun!!<\/p>\n<p><span style=\"color: #ff0000;\"><strong>Es ist wirklich soooo einfach:<\/strong><\/span><br \/>\nBitte vor jeder Online-Bestellung auf www.schulengel.de klicken, unsere Schule ausw\u00e4hlen und dann in den unz\u00e4hligen Shops nach Ihrem Wunsch bestellen.<\/p>\n<p>Wir freuen uns &#8211; und gemeinsam k\u00f6nnen wir so viel Geld f\u00fcr unsere Schule sammeln!!<\/p>\n<p>Vielen Dank und herzliche Gr\u00fc\u00dfe<\/p>\n<p>Der Vorstand des F\u00f6rdervereins, das Kollegium und die Schulleitung der GS Hameln-Rohrsen<\/p>\n","protected":false},"excerpt":{"rendered":"<p>Unterst\u00fctzen Sie unsere Schule durch Ihre Online-Eink\u00e4ufe! Zugang zu 350 Online-Shops \u00fcber www.schulengel.de Liebe Eltern, im Jahr 2011 haben wir unsere Schule bei dem Internetportal &#8222;Schulengel&#8220; angemeldet und seitdem schon 1003,06 \u20ac f\u00fcr das Konto unseres F\u00f6rdervereins gesammelt! SUPER!!! Mit Hilfe von Schulengel haben wir die M\u00f6glichkeit ganz einfach und ohne zus\u00e4tzliche Kosten Gelder f\u00fcr &hellip; <a href=\"https:\/\/www.gs-rohrsen.de\/wp\/?page_id=272\" class=\"more-link\"><span class=\"screen-reader-text\">Schulengel<\/span> weiterlesen <span class=\"meta-nav\">&rarr;<\/span><\/a><\/p>\n","protected":false},"author":1,"featured_media":0,"parent":0,"menu_order":0,"comment_status":"closed","ping_status":"closed","template":"","meta":{"footnotes":""},"class_list":["post-272","page","type-page","status-publish","hentry"],"_links":{"self":[{"href":"https:\/\/www.gs-rohrsen.de\/wp\/index.php?rest_route=\/wp\/v2\/pages\/272","targetHints":{"allow":["GET"]}}],"collection":[{"href":"https:\/\/www.gs-rohrsen.de\/wp\/index.php?rest_route=\/wp\/v2\/pages"}],"about":[{"href":"https:\/\/www.gs-rohrsen.de\/wp\/index.php?rest_route=\/wp\/v2\/types\/page"}],"author":[{"embeddable":true,"href":"https:\/\/www.gs-rohrsen.de\/wp\/index.php?rest_route=\/wp\/v2\/users\/1"}],"replies":[{"embeddable":true,"href":"https:\/\/www.gs-rohrsen.de\/wp\/index.php?rest_route=%2Fwp%2Fv2%2Fcomments&post=272"}],"version-history":[{"count":3,"href":"https:\/\/www.gs-rohrsen.de\/wp\/index.php?rest_route=\/wp\/v2\/pages\/272\/revisions"}],"predecessor-version":[{"id":1496,"href":"https:\/\/www.gs-rohrsen.de\/wp\/index.php?rest_route=\/wp\/v2\/pages\/272\/revisions\/1496"}],"wp:attachment":[{"href":"https:\/\/www.gs-rohrsen.de\/wp\/index.php?rest_route=%2Fwp%2Fv2%2Fmedia&parent=272"}],"curies":[{"name":"wp","href":"https:\/\/api.w.org\/{rel}","templated":true}]}}