{"id":269,"date":"2023-09-26T14:24:00","date_gmt":"2023-09-26T12:24:00","guid":{"rendered":"http:\/\/www.gs-rohrsen.de\/wp\/?page_id=269"},"modified":"2025-10-06T10:00:29","modified_gmt":"2025-10-06T08:00:29","slug":"elternvertretung","status":"publish","type":"page","link":"https:\/\/www.gs-rohrsen.de\/wp\/?page_id=269","title":{"rendered":"Elternvertretung"},"content":{"rendered":"<p>Das aktive Mitwirken der Eltern und somit eine transparente Schulentwicklung ist in vielen Gremien m\u00f6glich &#8211; und ausdr\u00fccklich erw\u00fcnscht!<\/p>\n<p><span style=\"color: #000000;\">In diesem<\/span> <span style=\"color: #ff0000;\"><strong>Schuljahr 2025\/26 <\/strong><span style=\"color: #000000;\">wird die Elternschaft durch folgende<\/span><\/span><span style=\"color: #000000;\"> Elternvertreter und -vertreterinnen unserer Klassen vertreten:<\/span><\/p>\n<p><span style=\"color: #ff0000;\"><strong>Schulvorstand f\u00fcr 2025\/26 und 2026\/27:<br \/>\n<\/strong><\/span><span style=\"color: #ff0000;\"><strong><span style=\"color: #000000;\">Eltern: <\/span><\/strong><span style=\"color: #333333;\">Frau Drake (4b), Herr Hansmann (4a), Frau Schwedthelm (3a), Frau Trappe (2a)<br \/>\n<span style=\"color: #000000;\"><strong>Stellvertreter<\/strong>: <\/span>Frau Bartling (1b), Herr Risch (1a)<br \/>\n<span style=\"color: #000000;\"><strong>Lehrkr\u00e4fte:<\/strong> <\/span>Frau Gottmann, Frau Lilienthal, Frau Streuber, Frau Albrecht<br \/>\n<\/span><\/span><\/p>\n<p><span style=\"color: #ff0000;\"><strong>Elternvertreter und -vertreterinnen f\u00fcr die Gesamtkonferenz:<br \/>\n<\/strong><\/span>Frau Drake (4b), Frau Fuchs (3b), Herr Hansmann (4a), Herr Risch (1a), Frau Schwedthelm (3a), Frau Trappe (2a)<\/p>\n<p><strong>Stellvertreterinnen:<\/strong> Frau Malner (1b), Frau Wall (1a)<\/p>\n<p><span style=\"color: #ff0000;\"><strong style=\"color: #333333;\"><span style=\"color: #ff0000;\">Fachkonferenzen:<\/span><\/strong><\/span><span style=\"color: #000000;\"><strong><br \/>\n<\/strong><\/span><span style=\"color: #000000;\"><strong>Mathematik<\/strong> (Frau Lilienthal): <\/span>Frau Drake, Frau Trappe<br \/>\n<span style=\"color: #000000;\"><strong>Deutsch<\/strong> (Frau Vieth): <\/span>Herr Hansmann, Frau Wall<br \/>\n<span style=\"color: #000000;\"><strong>Sachunterricht\/ Mobilit\u00e4t<\/strong> (Frau Gottmann): <\/span>Herr Hansmann, Herr Risch<br \/>\n<span style=\"color: #000000;\"><strong>Religion<\/strong> (Frau Rosteck): Frau Drake, <\/span>Frau Schwedthelm<br \/>\n<span style=\"color: #000000;\"><strong>Werte und Normen<\/strong> (Frau Arnke): Frau Bartling, Frau Drake<br \/>\n<\/span><span style=\"color: #000000;\"><strong>Werken\/ Textiles Gestalten\/ Kunst<\/strong> (Frau Streuber): <\/span>Frau Schwedthelm, Frau Malner<br \/>\n<span style=\"color: #000000;\"><strong>Sport<\/strong> (Frau Falkmeier\/ Frau Schmidt): Frau Fuchs, Frau Bartling<\/span><br \/>\n<span style=\"color: #000000;\"><strong>Musik<\/strong> (Frau Albrecht): Frau Fuchs, Frau Rod<\/span><br \/>\n<span style=\"color: #000000;\"><strong>Englisch<\/strong> (Frau Grossmann-Bock): <\/span>Frau Fuchs, Herr Hansmann<\/p>\n<p><span style=\"color: #ff0000;\"><strong><span style=\"text-decoration: underline;\">Klassenelternvertretung:<\/span><br \/>\n<\/strong><\/span><\/p>\n<p><strong>Klasse 1a: <\/strong>Frau Wall (Vors.), Herr Risch (Stellv.)<br \/>\nKlassenkonferenz: Frau Schneider, Frau Wall, Frau Izer<br \/>\nStellvertretung: Herr Risch, Herr Hengstmann<\/p>\n<p><strong>Klasse 1b: <\/strong>Frau Malner (Vors.), Frau Bartling (Stellv.)<br \/>\nKlassenkonferenz: Frau \u00d6zer, Frau Wanner, Frau Wietschorke<\/p>\n<p><strong>Klasse 2a: <\/strong>Frau Trappe (Vors.), Frau Derksen (Stellv.)<br \/>\nKlassenkonferenz: Frau Schuwje, Frau Poltarak,\u00a0 Frau Cortese<\/p>\n<p><strong>Klasse 2b: <\/strong>Frau Bell (Vors.), Frau Mannsfeld (Stellv.)<br \/>\nKlassenkonferenz: Frau Blum, Frau Faustmann, Frau Klause<\/p>\n<p><strong>Klasse 3a:<\/strong>\u00a0 \u00a0Frau Schwedthelm (Vors.), Frau Dodillet (Stellv.)<br \/>\nKlassenkonferenz: Frau Lorenz, Frau Malner, Frau Wolfschmidt<\/p>\n<p><strong>Klasse 3b: <\/strong>Frau Fuchs (Vors.), Frau Rod (Stellv.)<br \/>\nKlassenkonferenz: Frau Fuchs, Frau Rod, Frau Wolf<br \/>\nStellvertretung: Frau Al Faouri<\/p>\n<p><strong>Klasse 4a: <\/strong>Frau Fischer (Vors.), Herr Hansmann (Stellv.)<br \/>\nKlassenkonferenz: Herr Bulut, Frau Fischer, Herr Hansmann<\/p>\n<p><strong>Klasse 4b:\u00a0<\/strong> Frau Drake (Vors.), Herr Tarak (Stellv.)<br \/>\nKlassenkonferenz: Frau Christ, Frau Drake, Herr Tarak<\/p>\n<p>Die Vorsitzenden und Stellvertreter der Klassenelternschaften bilden den <strong>Schulelternrat.<\/strong><br \/>\nDie<span style=\"color: #ff0000;\">\u00a0<strong>Vorsitzende des Schulelternrates<\/strong> <\/span>ist\u00a0 <strong><span style=\"color: #ff0000;\">Frau Schwedthelm<\/span><\/strong> (Kl. 3a), ihre <strong><span style=\"color: #ff6600;\">Stellvertreterin<\/span><\/strong> ist <strong><span style=\"color: #ff6600;\">Frau Malner<\/span><\/strong> (1b).<\/p>\n<p style=\"text-align: center;\"><span style=\"color: #ff0000;\"><strong><span style=\"color: #0000ff;\">Herzlichen Dank f\u00fcr dieses Engagement &#8211; und die Zeit, die Sie als Elternvertretung zus\u00e4tzlich f\u00fcr die Kinder unserer Schule einbringen!<\/span> \ud83d\ude42<br \/>\n<\/strong><\/span><\/p>\n","protected":false},"excerpt":{"rendered":"<p>Das aktive Mitwirken der Eltern und somit eine transparente Schulentwicklung ist in vielen Gremien m\u00f6glich &#8211; und ausdr\u00fccklich erw\u00fcnscht! In diesem Schuljahr 2025\/26 wird die Elternschaft durch folgende Elternvertreter und -vertreterinnen unserer Klassen vertreten: Schulvorstand f\u00fcr 2025\/26 und 2026\/27: Eltern: Frau Drake (4b), Herr Hansmann (4a), Frau Schwedthelm (3a), Frau Trappe (2a) Stellvertreter: Frau Bartling &hellip; <a href=\"https:\/\/www.gs-rohrsen.de\/wp\/?page_id=269\" class=\"more-link\"><span class=\"screen-reader-text\">Elternvertretung<\/span> weiterlesen <span class=\"meta-nav\">&rarr;<\/span><\/a><\/p>\n","protected":false},"author":2,"featured_media":0,"parent":0,"menu_order":0,"comment_status":"closed","ping_status":"closed","template":"","meta":{"footnotes":""},"class_list":["post-269","page","type-page","status-publish","hentry"],"_links":{"self":[{"href":"https:\/\/www.gs-rohrsen.de\/wp\/index.php?rest_route=\/wp\/v2\/pages\/269","targetHints":{"allow":["GET"]}}],"collection":[{"href":"https:\/\/www.gs-rohrsen.de\/wp\/index.php?rest_route=\/wp\/v2\/pages"}],"about":[{"href":"https:\/\/www.gs-rohrsen.de\/wp\/index.php?rest_route=\/wp\/v2\/types\/page"}],"author":[{"embeddable":true,"href":"https:\/\/www.gs-rohrsen.de\/wp\/index.php?rest_route=\/wp\/v2\/users\/2"}],"replies":[{"embeddable":true,"href":"https:\/\/www.gs-rohrsen.de\/wp\/index.php?rest_route=%2Fwp%2Fv2%2Fcomments&post=269"}],"version-history":[{"count":52,"href":"https:\/\/www.gs-rohrsen.de\/wp\/index.php?rest_route=\/wp\/v2\/pages\/269\/revisions"}],"predecessor-version":[{"id":4320,"href":"https:\/\/www.gs-rohrsen.de\/wp\/index.php?rest_route=\/wp\/v2\/pages\/269\/revisions\/4320"}],"wp:attachment":[{"href":"https:\/\/www.gs-rohrsen.de\/wp\/index.php?rest_route=%2Fwp%2Fv2%2Fmedia&parent=269"}],"curies":[{"name":"wp","href":"https:\/\/api.w.org\/{rel}","templated":true}]}}