{"id":2635,"date":"2019-08-10T12:30:45","date_gmt":"2019-08-10T10:30:45","guid":{"rendered":"http:\/\/www.gs-rohrsen.de\/wp\/?page_id=2635"},"modified":"2024-09-05T14:25:29","modified_gmt":"2024-09-05T12:25:29","slug":"klasse-1b","status":"publish","type":"page","link":"https:\/\/www.gs-rohrsen.de\/wp\/?page_id=2635","title":{"rendered":"Klasse 3b"},"content":{"rendered":"\n<figure class=\"wp-block-image size-large\"><a href=\"https:\/\/www.gs-rohrsen.de\/wp\/wp-content\/uploads\/2022\/10\/IMG_4609-2-1.jpg\"><img loading=\"lazy\" decoding=\"async\" width=\"1024\" height=\"247\" src=\"https:\/\/www.gs-rohrsen.de\/wp\/wp-content\/uploads\/2022\/10\/IMG_4609-2-1-1024x247.jpg\" alt=\"\" class=\"wp-image-3979\" srcset=\"https:\/\/www.gs-rohrsen.de\/wp\/wp-content\/uploads\/2022\/10\/IMG_4609-2-1-1024x247.jpg 1024w, https:\/\/www.gs-rohrsen.de\/wp\/wp-content\/uploads\/2022\/10\/IMG_4609-2-1-300x72.jpg 300w, https:\/\/www.gs-rohrsen.de\/wp\/wp-content\/uploads\/2022\/10\/IMG_4609-2-1-768x185.jpg 768w, https:\/\/www.gs-rohrsen.de\/wp\/wp-content\/uploads\/2022\/10\/IMG_4609-2-1-1536x371.jpg 1536w, https:\/\/www.gs-rohrsen.de\/wp\/wp-content\/uploads\/2022\/10\/IMG_4609-2-1.jpg 1934w\" sizes=\"auto, (max-width: 1024px) 100vw, 1024px\" \/><\/a><\/figure>\n\n\n\n<p>Hallo, hier stellt sich die Klasse 1b vor. Wir wurden am 27. August 2022 eingeschult und unsere Klassenlehrerin hei\u00dft Frau Hagemann.<\/p>\n\n\n\n<figure class=\"wp-block-image size-large\"><a href=\"https:\/\/www.gs-rohrsen.de\/wp\/wp-content\/uploads\/2022\/10\/IMG_4608.jpg\"><img loading=\"lazy\" decoding=\"async\" width=\"1024\" height=\"768\" src=\"https:\/\/www.gs-rohrsen.de\/wp\/wp-content\/uploads\/2022\/10\/IMG_4608-1024x768.jpg\" alt=\"\" class=\"wp-image-3981\" srcset=\"https:\/\/www.gs-rohrsen.de\/wp\/wp-content\/uploads\/2022\/10\/IMG_4608-1024x768.jpg 1024w, https:\/\/www.gs-rohrsen.de\/wp\/wp-content\/uploads\/2022\/10\/IMG_4608-300x225.jpg 300w, https:\/\/www.gs-rohrsen.de\/wp\/wp-content\/uploads\/2022\/10\/IMG_4608-768x576.jpg 768w, https:\/\/www.gs-rohrsen.de\/wp\/wp-content\/uploads\/2022\/10\/IMG_4608-1536x1152.jpg 1536w, https:\/\/www.gs-rohrsen.de\/wp\/wp-content\/uploads\/2022\/10\/IMG_4608.jpg 2016w\" sizes=\"auto, (max-width: 1024px) 100vw, 1024px\" \/><\/a><figcaption>Hier seht ihr uns mit unseren tollen Schult\u00fcten!<\/figcaption><\/figure>\n\n\n\n<figure class=\"wp-block-image size-large\"><a href=\"https:\/\/www.gs-rohrsen.de\/wp\/wp-content\/uploads\/2022\/10\/IMG_4598-1.jpg\"><img loading=\"lazy\" decoding=\"async\" width=\"1024\" height=\"768\" src=\"https:\/\/www.gs-rohrsen.de\/wp\/wp-content\/uploads\/2022\/10\/IMG_4598-1-1024x768.jpg\" alt=\"\" class=\"wp-image-3982\" srcset=\"https:\/\/www.gs-rohrsen.de\/wp\/wp-content\/uploads\/2022\/10\/IMG_4598-1-1024x768.jpg 1024w, https:\/\/www.gs-rohrsen.de\/wp\/wp-content\/uploads\/2022\/10\/IMG_4598-1-300x225.jpg 300w, https:\/\/www.gs-rohrsen.de\/wp\/wp-content\/uploads\/2022\/10\/IMG_4598-1-768x576.jpg 768w, https:\/\/www.gs-rohrsen.de\/wp\/wp-content\/uploads\/2022\/10\/IMG_4598-1-1536x1152.jpg 1536w, https:\/\/www.gs-rohrsen.de\/wp\/wp-content\/uploads\/2022\/10\/IMG_4598-1.jpg 2016w\" sizes=\"auto, (max-width: 1024px) 100vw, 1024px\" \/><\/a><figcaption>Alle Klassentiere unserer Schule haben uns begr\u00fc\u00dft. Zu unserer Klasse geh\u00f6rt Eddi Eichh\u00f6rnchen, der oben vor der Biene Polli und Fred, dem Frosch, sitzt.<\/figcaption><\/figure>\n","protected":false},"excerpt":{"rendered":"<p>Hallo, hier stellt sich die Klasse 1b vor. Wir wurden am 27. August 2022 eingeschult und unsere Klassenlehrerin hei\u00dft Frau Hagemann.<\/p>\n","protected":false},"author":2,"featured_media":0,"parent":143,"menu_order":0,"comment_status":"closed","ping_status":"closed","template":"","meta":{"footnotes":""},"class_list":["post-2635","page","type-page","status-publish","hentry"],"_links":{"self":[{"href":"https:\/\/www.gs-rohrsen.de\/wp\/index.php?rest_route=\/wp\/v2\/pages\/2635","targetHints":{"allow":["GET"]}}],"collection":[{"href":"https:\/\/www.gs-rohrsen.de\/wp\/index.php?rest_route=\/wp\/v2\/pages"}],"about":[{"href":"https:\/\/www.gs-rohrsen.de\/wp\/index.php?rest_route=\/wp\/v2\/types\/page"}],"author":[{"embeddable":true,"href":"https:\/\/www.gs-rohrsen.de\/wp\/index.php?rest_route=\/wp\/v2\/users\/2"}],"replies":[{"embeddable":true,"href":"https:\/\/www.gs-rohrsen.de\/wp\/index.php?rest_route=%2Fwp%2Fv2%2Fcomments&post=2635"}],"version-history":[{"count":5,"href":"https:\/\/www.gs-rohrsen.de\/wp\/index.php?rest_route=\/wp\/v2\/pages\/2635\/revisions"}],"predecessor-version":[{"id":4250,"href":"https:\/\/www.gs-rohrsen.de\/wp\/index.php?rest_route=\/wp\/v2\/pages\/2635\/revisions\/4250"}],"up":[{"embeddable":true,"href":"https:\/\/www.gs-rohrsen.de\/wp\/index.php?rest_route=\/wp\/v2\/pages\/143"}],"wp:attachment":[{"href":"https:\/\/www.gs-rohrsen.de\/wp\/index.php?rest_route=%2Fwp%2Fv2%2Fmedia&parent=2635"}],"curies":[{"name":"wp","href":"https:\/\/api.w.org\/{rel}","templated":true}]}}