{"id":261,"date":"2015-03-27T17:20:19","date_gmt":"2015-03-27T16:20:19","guid":{"rendered":"http:\/\/www.gs-rohrsen.de\/wp\/?page_id=261"},"modified":"2015-11-25T14:35:42","modified_gmt":"2015-11-25T13:35:42","slug":"fuer-eltern","status":"publish","type":"page","link":"https:\/\/www.gs-rohrsen.de\/wp\/?page_id=261","title":{"rendered":"Eltern willkommen!"},"content":{"rendered":"<p>Eine <b>gute Schule<\/b> braucht <b>aktive Eltern<\/b>!<\/p>\n<p>Ihre Mithilfe ist ganz wichtig f\u00fcr die gute Atmosph\u00e4re in unserer Schule und ein positives Lernklima f\u00fcr alle Kinder.<\/p>\n<p>Die Kinder und Lehrerinnen sind bei Schul- und Klassenfeiern, bei einzelnen Projekten im Unterricht, bei Ausfl\u00fcgen, bei der kindgerechten Gestaltung des Geb\u00e4udes, des Schulhofes oder der Gartenpflege immer wieder auf die Hilfe von Eltern angewiesen.<\/p>\n<p>Unsere Schulfeste, Schulkonzerte, Bundesjugendspiele oder andere Aktionen wie z. B. ein B\u00fccherfest k\u00f6nnten wir ohne Sie nicht durchf\u00fchren!<\/p>\n<p>Wir freuen uns \u00fcber die Kontakte zu Ihnen, Ihre Ideen, Ihre Anregungen und Ihre engagierte Mitwirkung!<\/p>\n<p>Sie sind in unserer Schule immer willkommen!<\/p>\n<p>Alle zwei Jahre w\u00e4hlen die Eltern jeder Klasse ihre Elternvertreter, damit sie die Interessen aller Eltern im Schulelternrat, in Klassenkonferenzen, Fachkonferenzen oder in der Gesamtkonferenz vertreten k\u00f6nnen.<\/p>\n<p>Bleiben Sie in Kontakt untereinander und wenden Sie sich bei Fragen an die Elternvertreter Ihrer Klasse.<\/p>\n<p><strong>P.S.: Schon gesehen? <a href=\"http:\/\/www.gs-rohrsen.de\/wb\/pages\/UrlBlockedError.aspx\" target=\"_blank\">www.grundschulklick.de<\/a> \u2013 das neue Online-Portal rund um die Fr\u00fche Bildung und die Grundschule f\u00fcr Lehrkr\u00e4fte, Eltern und Erzieher\/innen. Alles auf einen Klick \u2013 Lehr- und Lernmaterialien, Kinderb\u00fccher und Lernspiele.<\/strong><\/p>\n","protected":false},"excerpt":{"rendered":"<p>Eine gute Schule braucht aktive Eltern! Ihre Mithilfe ist ganz wichtig f\u00fcr die gute Atmosph\u00e4re in unserer Schule und ein positives Lernklima f\u00fcr alle Kinder. Die Kinder und Lehrerinnen sind bei Schul- und Klassenfeiern, bei einzelnen Projekten im Unterricht, bei Ausfl\u00fcgen, bei der kindgerechten Gestaltung des Geb\u00e4udes, des Schulhofes oder der Gartenpflege immer wieder auf &hellip; <a href=\"https:\/\/www.gs-rohrsen.de\/wp\/?page_id=261\" class=\"more-link\"><span class=\"screen-reader-text\">Eltern willkommen!<\/span> weiterlesen <span class=\"meta-nav\">&rarr;<\/span><\/a><\/p>\n","protected":false},"author":1,"featured_media":0,"parent":0,"menu_order":0,"comment_status":"closed","ping_status":"closed","template":"","meta":{"footnotes":""},"class_list":["post-261","page","type-page","status-publish","hentry"],"_links":{"self":[{"href":"https:\/\/www.gs-rohrsen.de\/wp\/index.php?rest_route=\/wp\/v2\/pages\/261","targetHints":{"allow":["GET"]}}],"collection":[{"href":"https:\/\/www.gs-rohrsen.de\/wp\/index.php?rest_route=\/wp\/v2\/pages"}],"about":[{"href":"https:\/\/www.gs-rohrsen.de\/wp\/index.php?rest_route=\/wp\/v2\/types\/page"}],"author":[{"embeddable":true,"href":"https:\/\/www.gs-rohrsen.de\/wp\/index.php?rest_route=\/wp\/v2\/users\/1"}],"replies":[{"embeddable":true,"href":"https:\/\/www.gs-rohrsen.de\/wp\/index.php?rest_route=%2Fwp%2Fv2%2Fcomments&post=261"}],"version-history":[{"count":3,"href":"https:\/\/www.gs-rohrsen.de\/wp\/index.php?rest_route=\/wp\/v2\/pages\/261\/revisions"}],"predecessor-version":[{"id":683,"href":"https:\/\/www.gs-rohrsen.de\/wp\/index.php?rest_route=\/wp\/v2\/pages\/261\/revisions\/683"}],"wp:attachment":[{"href":"https:\/\/www.gs-rohrsen.de\/wp\/index.php?rest_route=%2Fwp%2Fv2%2Fmedia&parent=261"}],"curies":[{"name":"wp","href":"https:\/\/api.w.org\/{rel}","templated":true}]}}