{"id":1078,"date":"2016-04-19T16:46:24","date_gmt":"2016-04-19T14:46:24","guid":{"rendered":"http:\/\/www.gs-rohrsen.de\/wp\/?page_id=1078"},"modified":"2025-11-13T14:07:04","modified_gmt":"2025-11-13T13:07:04","slug":"was-wir-tun","status":"publish","type":"page","link":"https:\/\/www.gs-rohrsen.de\/wp\/?page_id=1078","title":{"rendered":"Unsere Aufgabe"},"content":{"rendered":"<p><strong>Aufgabe des Vereins<\/strong><br \/>\nAufgabe des Vereins ist die F\u00f6rderung von Bildung und Erziehung an der Grundschule Hameln-Rohrsen. Der Vereinszweck wird verwirklicht insbesondere durch die Anschaffung von Ausstattungs- und Lernmaterialien, die den Unterricht optimieren, sowie die Unterst\u00fctzung der Schulb\u00fccherei und verschiedener Schulveranstaltungen f\u00fcr alle Sch\u00fcler der Grundschule Hameln-Rohrsen.<\/p>\n<p><strong>Was wir tun:<\/strong><br \/>\nDurch das Sammeln und Auszahlen von Spenden unterst\u00fctzen wir die Grundschule Rohrsen <u>finanziell<\/u> bei der Beschaffung von Lehrmitteln, Ausr\u00fcstung und Spielger\u00e4ten, bei der Bezahlung von F\u00f6rderprogrammen und Sch\u00fclerbetreuung sowie bei der Durchf\u00fchrung von Veranstaltungen und Ausfl\u00fcgen.<\/p>\n<p>Hier geht es immer darum, Dinge zu finanzieren, die durch den Schultr\u00e4ger aus verschiedensten Gr\u00fcnden nicht abgedeckt werden (k\u00f6nnen). Der F\u00f6rderverein kann schnell, unb\u00fcrokratisch und unabh\u00e4ngig helfen.<\/p>\n<p>Bei Schulveranstaltungen hilft der F\u00f6rderverein durch <u>aktive Mitarbeit<\/u> der Mitglieder. Hier ist zum einen die Cafeteria zu nennen, ohne die zum Beispiel eine Einschulung nur halb so festlich w\u00e4re. Dazu z\u00e4hlen aber auch verschiedene Veranstaltungen f\u00fcr die Kinder unserer Schule, wie z. B. ein Sponsorenlauf, ein Kinder-Kino-Abend, eine Kinder-Disco sowie die Gestaltung des Schulhofes durch neue Spielger\u00e4te\u00a0 oder des \u201eGr\u00fcnen Klassenzimmers\u201c, die durch Vereinsmitglieder tatkr\u00e4ftig unterst\u00fctzt wurden.<\/p>\n<p>Ein dritter Punkt ist die F\u00f6rderung der <u>Gemeinschaft<\/u> an der Grundschule Hameln\u2013Rohrsen. Wir m\u00f6chten Eltern und Kindern vorleben, dass sich ehrenamtliches Engagement lohnt, gemeinsame Ziele verbinden und auch Eltern aktiv zu einer <u>erfolgreichen und sch\u00f6nen Grundschulzeit<\/u> beitragen k\u00f6nnen.<\/p>\n<p>All das tr\u00e4gt zur F\u00f6rderung unserer und Ihrer Kinder in der Grundschule bei.<strong><br \/>\n<\/strong><\/p>\n<p><strong>Was Sie tun k\u00f6nnen:<\/strong><br \/>\nWerden Sie Mitglied und<br \/>\n&#8211; unterst\u00fctzen Sie uns <u>aktiv<\/u>, indem Sie dem Verein beitreten und gelegentlich an den laufenden Projekten mitwirken\u00a0 oder<br \/>\n&#8211; unterst\u00fctzen Sie uns <u>passiv<\/u>, indem Sie uns einen von Ihnen zu bestimmenden Jahresbetrag zur Verf\u00fcgung stellen (mindestens 10,00 Euro) und andere auf uns aufmerksam machen.<\/p>\n<p style=\"text-align: center;\"><span style=\"text-decoration: underline; color: #000080;\"><strong>Unsere Konto-Verbindung &#8211; auch f\u00fcr Spenden! \ud83d\ude42<\/strong> <\/span><\/p>\n<p align=\"center\"><span style=\"color: #000080;\"><b>F\u00f6rderverein GS Rohrsen e. V.<br \/>\nSparkasse Hameln-Weserbergland<br \/>\n<\/b><strong>IBAN: DE11 2545 0110 0011 0030 50<br \/>\n<\/strong><strong>BIC: NOLADE21SWB<\/strong><\/span><\/p>\n\n\n<p>Sie erreichen uns \u00fcber E-Mail an <a href=\"mailto:foerderverein-gsrohrsen@gmx.de\">foerderverein-gsrohrsen@gmx.de<\/a><\/p>\n","protected":false},"excerpt":{"rendered":"<p>Aufgabe des Vereins Aufgabe des Vereins ist die F\u00f6rderung von Bildung und Erziehung an der Grundschule Hameln-Rohrsen. Der Vereinszweck wird verwirklicht insbesondere durch die Anschaffung von Ausstattungs- und Lernmaterialien, die den Unterricht optimieren, sowie die Unterst\u00fctzung der Schulb\u00fccherei und verschiedener Schulveranstaltungen f\u00fcr alle Sch\u00fcler der Grundschule Hameln-Rohrsen. Was wir tun: Durch das Sammeln und Auszahlen &hellip; <a href=\"https:\/\/www.gs-rohrsen.de\/wp\/?page_id=1078\" class=\"more-link\"><span class=\"screen-reader-text\">Unsere Aufgabe<\/span> weiterlesen <span class=\"meta-nav\">&rarr;<\/span><\/a><\/p>\n","protected":false},"author":2,"featured_media":0,"parent":0,"menu_order":0,"comment_status":"closed","ping_status":"closed","template":"","meta":{"footnotes":""},"class_list":["post-1078","page","type-page","status-publish","hentry"],"_links":{"self":[{"href":"https:\/\/www.gs-rohrsen.de\/wp\/index.php?rest_route=\/wp\/v2\/pages\/1078","targetHints":{"allow":["GET"]}}],"collection":[{"href":"https:\/\/www.gs-rohrsen.de\/wp\/index.php?rest_route=\/wp\/v2\/pages"}],"about":[{"href":"https:\/\/www.gs-rohrsen.de\/wp\/index.php?rest_route=\/wp\/v2\/types\/page"}],"author":[{"embeddable":true,"href":"https:\/\/www.gs-rohrsen.de\/wp\/index.php?rest_route=\/wp\/v2\/users\/2"}],"replies":[{"embeddable":true,"href":"https:\/\/www.gs-rohrsen.de\/wp\/index.php?rest_route=%2Fwp%2Fv2%2Fcomments&post=1078"}],"version-history":[{"count":5,"href":"https:\/\/www.gs-rohrsen.de\/wp\/index.php?rest_route=\/wp\/v2\/pages\/1078\/revisions"}],"predecessor-version":[{"id":4326,"href":"https:\/\/www.gs-rohrsen.de\/wp\/index.php?rest_route=\/wp\/v2\/pages\/1078\/revisions\/4326"}],"wp:attachment":[{"href":"https:\/\/www.gs-rohrsen.de\/wp\/index.php?rest_route=%2Fwp%2Fv2%2Fmedia&parent=1078"}],"curies":[{"name":"wp","href":"https:\/\/api.w.org\/{rel}","templated":true}]}}