{"id":1072,"date":"2016-04-04T16:06:59","date_gmt":"2016-04-04T14:06:59","guid":{"rendered":"http:\/\/www.gs-rohrsen.de\/wp\/?page_id=1072"},"modified":"2024-02-15T10:43:05","modified_gmt":"2024-02-15T09:43:05","slug":"beitrittserklaerung","status":"publish","type":"page","link":"https:\/\/www.gs-rohrsen.de\/wp\/?page_id=1072","title":{"rendered":"Beitrittserkl\u00e4rung"},"content":{"rendered":"<p>Haben wir Sie begeistert?<\/p>\n<p>Finden Sie toll, was wir f\u00fcr unsere Schule in Rohrsen tun?<\/p>\n<p>Dann unterst\u00fctzen Sie uns, f\u00fcllen Sie die nachstehende Beitrittserkl\u00e4rung aus und geben sie sie in der Schule ab. \ud83d\ude42<\/p>\n\n\n<div class=\"wp-block-file\"><a id=\"wp-block-file--media-6782b5e5-e1e0-4547-b553-5ef148284ab0\" href=\"https:\/\/www.gs-rohrsen.de\/wp\/wp-content\/uploads\/2024\/02\/SCAN00635220240215091752_001.jpg\">Beitrittserkl\u00e4rung Seite 1<\/a><a href=\"https:\/\/www.gs-rohrsen.de\/wp\/wp-content\/uploads\/2024\/02\/SCAN00635220240215091752_001.jpg\" class=\"wp-block-file__button\" download aria-describedby=\"wp-block-file--media-6782b5e5-e1e0-4547-b553-5ef148284ab0\">Herunterladen<\/a><\/div>\n\n\n\n<div class=\"wp-block-file\"><a id=\"wp-block-file--media-1793ec81-4c75-40cf-86b4-2fd947b22ed5\" href=\"https:\/\/www.gs-rohrsen.de\/wp\/wp-content\/uploads\/2024\/02\/SCAN00635320240215091809_001.jpg\">Beitrittserkl\u00e4rung Seite 2<\/a><a href=\"https:\/\/www.gs-rohrsen.de\/wp\/wp-content\/uploads\/2024\/02\/SCAN00635320240215091809_001.jpg\" class=\"wp-block-file__button\" download aria-describedby=\"wp-block-file--media-1793ec81-4c75-40cf-86b4-2fd947b22ed5\">Herunterladen<\/a><\/div>\n","protected":false},"excerpt":{"rendered":"<p>Haben wir Sie begeistert? Finden Sie toll, was wir f\u00fcr unsere Schule in Rohrsen tun? Dann unterst\u00fctzen Sie uns, f\u00fcllen Sie die nachstehende Beitrittserkl\u00e4rung aus und geben sie sie in der Schule ab. \ud83d\ude42<\/p>\n","protected":false},"author":2,"featured_media":0,"parent":0,"menu_order":0,"comment_status":"closed","ping_status":"closed","template":"","meta":{"footnotes":""},"class_list":["post-1072","page","type-page","status-publish","hentry"],"_links":{"self":[{"href":"https:\/\/www.gs-rohrsen.de\/wp\/index.php?rest_route=\/wp\/v2\/pages\/1072","targetHints":{"allow":["GET"]}}],"collection":[{"href":"https:\/\/www.gs-rohrsen.de\/wp\/index.php?rest_route=\/wp\/v2\/pages"}],"about":[{"href":"https:\/\/www.gs-rohrsen.de\/wp\/index.php?rest_route=\/wp\/v2\/types\/page"}],"author":[{"embeddable":true,"href":"https:\/\/www.gs-rohrsen.de\/wp\/index.php?rest_route=\/wp\/v2\/users\/2"}],"replies":[{"embeddable":true,"href":"https:\/\/www.gs-rohrsen.de\/wp\/index.php?rest_route=%2Fwp%2Fv2%2Fcomments&post=1072"}],"version-history":[{"count":7,"href":"https:\/\/www.gs-rohrsen.de\/wp\/index.php?rest_route=\/wp\/v2\/pages\/1072\/revisions"}],"predecessor-version":[{"id":4216,"href":"https:\/\/www.gs-rohrsen.de\/wp\/index.php?rest_route=\/wp\/v2\/pages\/1072\/revisions\/4216"}],"wp:attachment":[{"href":"https:\/\/www.gs-rohrsen.de\/wp\/index.php?rest_route=%2Fwp%2Fv2%2Fmedia&parent=1072"}],"curies":[{"name":"wp","href":"https:\/\/api.w.org\/{rel}","templated":true}]}}