{"id":1020,"date":"2016-02-16T11:31:15","date_gmt":"2016-02-16T10:31:15","guid":{"rendered":"http:\/\/www.gs-rohrsen.de\/wp\/?page_id=1020"},"modified":"2019-07-08T12:11:10","modified_gmt":"2019-07-08T10:11:10","slug":"kinderhaus-rohrsen-hilligsfeld","status":"publish","type":"page","link":"https:\/\/www.gs-rohrsen.de\/wp\/?page_id=1020","title":{"rendered":"Kinderhaus Rohrsen\/ Hilligsfeld"},"content":{"rendered":"<h4 align=\"center\"><span style=\"color: #000080;\"><b><span style=\"text-decoration: underline;\">Zusammenarbeit lohnt sich!<\/span><\/b><\/span><\/h4>\n<p>Nicht nur das Kultusministerium w\u00fcnscht sich eine gute Zusammenarbeit zwischen Kindergarten und Grundschule, auch unserem Kollegium ist eine <b>erfolgreiche Kooperation mit dem Kinderhaus Rohrsen\/Hilligsfeld<\/b> sehr wichtig, um den Kindern einen m\u00f6glichst leichten \u00dcbergang vom Kindergarten in die Schule zu erm\u00f6glichen.<\/p>\n<p>Dazu geh\u00f6rt, dass die Kinder schon w\u00e4hrend ihrer Kindergartenzeit pers\u00f6nliche Eindr\u00fccke von der Arbeit und dem Leben in der Schule gewinnen, mit dem Schulgeb\u00e4ude und den Lehrerinnen vertraut werden und im so genannten <b>\u201eBr\u00fcckenjahr\u201c <\/b>erste schulische Arbeitsweisen erlernen.<\/p>\n<p>Die Kinderhausleiterin Frau Kleine-Viotto und unsere Rektorin Frau Albrecht treffen sich regelm\u00e4\u00dfig, um Termine abzusprechen und gemeinsame Vorhaben zu planen. Dar\u00fcber hinaus f\u00fchren wir auch gemeinsame Teambesprechungen durch, um <b>neue M\u00f6glichkeiten zur Zusammenarbeit<\/b> zu erproben und gemeinsame Erfahrungen auszuwerten.<\/p>\n<p>Die Kinder des Kinderhauses kommen als &#8222;<b>Welt-Entdecker&#8220; und als &#8222;Schul-Entdecker&#8220; <\/b>im Laufe des Schuljahres mehrfach mittwochs in der 2.-4. Stunde in die Schule, erarbeiten in unserem Betreuungsraum vorschulische Aufgaben und Lernspiele und besuchen uns in Kleingruppen im Unterricht.<\/p>\n<p>Im Rahmen der gelungenen Kooperation bieten wir gemeinsame <b>Elternabende<\/b> zu Bildungs- und Erziehungsthemen an und nehmen gegenseitig an <b>Veranstaltungen<\/b> teil.<\/p>\n<p>Gemeinsam planen wir die Angebote im <b>\u201eKuckucksnest\u201c<\/b>, einer Wohnung im Haus Kuckuck 14, in der es vielseitige F\u00f6rder- und Beratungsm\u00f6glichkeiten f\u00fcr Kinder und ihre Familien gibt. N\u00e4here Informationen dazu im Kinderhaus oder in der Schule.<\/p>\n<p>N\u00e4heres zu unserer Zusammenarbeit lesen Sie in unserem Kooperationsvertrag.<\/p>\n","protected":false},"excerpt":{"rendered":"<p>Zusammenarbeit lohnt sich! Nicht nur das Kultusministerium w\u00fcnscht sich eine gute Zusammenarbeit zwischen Kindergarten und Grundschule, auch unserem Kollegium ist eine erfolgreiche Kooperation mit dem Kinderhaus Rohrsen\/Hilligsfeld sehr wichtig, um den Kindern einen m\u00f6glichst leichten \u00dcbergang vom Kindergarten in die Schule zu erm\u00f6glichen. Dazu geh\u00f6rt, dass die Kinder schon w\u00e4hrend ihrer Kindergartenzeit pers\u00f6nliche Eindr\u00fccke von &hellip; <a href=\"https:\/\/www.gs-rohrsen.de\/wp\/?page_id=1020\" class=\"more-link\"><span class=\"screen-reader-text\">Kinderhaus Rohrsen\/ Hilligsfeld<\/span> weiterlesen <span class=\"meta-nav\">&rarr;<\/span><\/a><\/p>\n","protected":false},"author":2,"featured_media":0,"parent":0,"menu_order":0,"comment_status":"closed","ping_status":"closed","template":"","meta":{"footnotes":""},"class_list":["post-1020","page","type-page","status-publish","hentry"],"_links":{"self":[{"href":"https:\/\/www.gs-rohrsen.de\/wp\/index.php?rest_route=\/wp\/v2\/pages\/1020","targetHints":{"allow":["GET"]}}],"collection":[{"href":"https:\/\/www.gs-rohrsen.de\/wp\/index.php?rest_route=\/wp\/v2\/pages"}],"about":[{"href":"https:\/\/www.gs-rohrsen.de\/wp\/index.php?rest_route=\/wp\/v2\/types\/page"}],"author":[{"embeddable":true,"href":"https:\/\/www.gs-rohrsen.de\/wp\/index.php?rest_route=\/wp\/v2\/users\/2"}],"replies":[{"embeddable":true,"href":"https:\/\/www.gs-rohrsen.de\/wp\/index.php?rest_route=%2Fwp%2Fv2%2Fcomments&post=1020"}],"version-history":[{"count":4,"href":"https:\/\/www.gs-rohrsen.de\/wp\/index.php?rest_route=\/wp\/v2\/pages\/1020\/revisions"}],"predecessor-version":[{"id":2623,"href":"https:\/\/www.gs-rohrsen.de\/wp\/index.php?rest_route=\/wp\/v2\/pages\/1020\/revisions\/2623"}],"wp:attachment":[{"href":"https:\/\/www.gs-rohrsen.de\/wp\/index.php?rest_route=%2Fwp%2Fv2%2Fmedia&parent=1020"}],"curies":[{"name":"wp","href":"https:\/\/api.w.org\/{rel}","templated":true}]}}