{"id":102,"date":"2015-11-25T12:46:54","date_gmt":"2015-11-25T11:46:54","guid":{"rendered":"http:\/\/www.gs-rohrsen.de\/wp\/?page_id=102"},"modified":"2017-05-09T12:41:05","modified_gmt":"2017-05-09T10:41:05","slug":"kooperationsvertrag-201415","status":"publish","type":"page","link":"https:\/\/www.gs-rohrsen.de\/wp\/?page_id=102","title":{"rendered":"Kooperationsvertrag"},"content":{"rendered":"<p>Stand 02\/2017<\/p>\n<h3><strong><u>Konzept und Vertrag zur Kooperation zwischen Kinderhaus Rohrsen\/Hilligsfeld und Grundschule Hameln-Rohrsen<\/u><\/strong><\/h3>\n<h4><strong>1. Aktuelle gesetzliche Rahmenbedingungen<\/strong><\/h4>\n<h5><strong>1.1\u00a0\u00a0\u00a0\u00a0\u00a0 \u201eDie Arbeit in der Grundschule\u201c RdErl. d. MK vom 01.08.2012:<\/strong><\/h5>\n<ol start=\"3\">\n<li>Zusammenarbeit von Grundschulen und Tageseinrichtungen f\u00fcr Kinder<\/li>\n<\/ol>\n<p>3.1\u00a0\u00a0\u00a0\u00a0\u00a0 Bei der Gestaltung des \u00dcbergangs in die Schule arbeitet die Grundschule eng mit der Familie und der betreffenden Tageseinrichtung f\u00fcr Kinder zusammen und tr\u00e4gt zu einem erfolgreichen Schulanfang bei.<\/p>\n<p>3.2\u00a0\u00a0\u00a0\u00a0\u00a0 Ankn\u00fcpfend an den Erziehungs- und Bildungsauftrag des Elementarbereichs der Tageseinrichtungen f\u00fcr Kinder sichert die Grundschule in Zusammenarbeit mit den Erziehungsberechtigten und sozialp\u00e4dagogischen Fachkr\u00e4ften in Tageseinrichtungen f\u00fcr Kinder die Kontinuit\u00e4t der Arbeit zwischen dem Elementar- und dem Primarbereich. Diese Zusammenarbeit umfasst<\/p>\n<ul>\n<li>unter der Voraussetzung der Zustimmung der Erziehungsberechtigten, den Austausch \u00fcber besondere St\u00e4rken und Bedarfe und die Entwicklung eines Kindes sowie die Rahmenbedingungen seines Aufwachsens zum Zeitpunkt des \u00dcbergangs,<\/li>\n<\/ul>\n<ul>\n<li>die Planung und Durchf\u00fchrung von abgestimmten oder gemeinsam durchgef\u00fchrten F\u00f6rderma\u00dfnahmen im letzten Jahr vor der Einschulung (Br\u00fcckenjahr) und der Schuleingangsphase,<\/li>\n<\/ul>\n<ul>\n<li>die Organisation von gemeinsamen Veranstaltungen, Projekten und Besuchen sowie gegenseitigen Hospitationen,<\/li>\n<\/ul>\n<ul>\n<li>gegenseitige Informationen und Verst\u00e4ndigung \u00fcber Ziele, Aufgaben, Arbeitsweisen und Organisationsformen der jeweiligen Bereiche.<\/li>\n<\/ul>\n<p>3.3\u00a0\u00a0\u00a0\u00a0\u00a0 Die Zusammenarbeit zwischen Tageseinrichtung f\u00fcr Kinder und Grundschule erfolgt im Einvernehmen mit dem Tr\u00e4ger der Einrichtung.<\/p>\n<p>3.4\u00a0\u00a0\u00a0\u00a0\u00a0 In die Veranstaltungen der Schule zu Fragen des Schuleintritts werden auch die Erziehungsberechtigten einbezogen, deren Kinder keine Tageseinrichtung f\u00fcr Kinder besuchen.<\/p>\n<h5><strong>1.2\u00a0\u00a0\u00a0\u00a0\u00a0 Gesetz \u00fcber Tageseinrichtungen f\u00fcr Kinder des Landes Niedersachsen vom 7.02.2002<\/strong><\/h5>\n<ul>\n<li>3 Abs. 5: \u201eDie Tageseinrichtung soll mit solchen Einrichtungen ihres Einzugsbereiches, insbesondere mit den Grundschulen, zusammenarbeiten, deren T\u00e4tigkeit im Zusammenhang mit dem Bildungs- und Erziehungsauftrag der Tageseinrichtung \u00a0 steht.<\/li>\n<\/ul>\n<h5><strong>1.3\u00a0\u00a0\u00a0\u00a0\u00a0 Orientierungsplan f\u00fcr Bildung und Erziehung im Elementarbereich \u00a0\u00a0 nieders\u00e4chsischer Tageseinrichtungen f\u00fcr Kinder vom 12.01.2005:<\/strong><\/h5>\n<ol start=\"3\">\n<li>Zusammenarbeit von Tageseinrichtung und Grundschule<\/li>\n<\/ol>\n<p>Kindergarten und Grundschule stehen im Rahmen ihrer p\u00e4dagogischen Verantwortung in der Pflicht, eng miteinander zu kooperieren. Die Kooperation muss von allen Beteiligten gewollt und bejaht werden. Sie muss als konkurrenzfreier Prozess \u201eauf gleicher Augenh\u00f6he\u201c gestaltet,\u00a0 kontinuierlich reflektiert und weiter entwickelt werden und schlie\u00dft die Gestaltung des \u00dcbergangs ein.<\/p>\n<h4><strong>2. Grundlagen der Kooperation<\/strong><\/h4>\n<h5><strong>2.1\u00a0\u00a0\u00a0\u00a0\u00a0 Gemeinsame p\u00e4dagogische Grundlagen<\/strong><\/h5>\n<ul>\n<li>F\u00f6rderung der Pers\u00f6nlichkeit des Kindes<\/li>\n<li>F\u00f6rderung der Lernentwicklung des Kindes<\/li>\n<li>Motivation zum selbstst\u00e4ndigen, ganzheitlichen und kreativen Lernen<\/li>\n<li>Entwicklung und F\u00f6rderung sozialen Verhaltens<\/li>\n<\/ul>\n<h5><strong>2.2\u00a0\u00a0\u00a0\u00a0\u00a0 Voraussetzungen f\u00fcr die Kooperation<\/strong><\/h5>\n<ul>\n<li>gegenseitige Akzeptanz und Anerkennung der unterschiedlichen Ausbildung und Kompetenzen<\/li>\n<li>Abkl\u00e4rung der gegenseitigen Erwartungen<\/li>\n<li>Abstimmung der p\u00e4dagogischen Grundlagen, Erziehungsstile und Ziele der Institutionen<\/li>\n<li>Treffen von Vereinbarungen mit dem Ziel, Arbeitsweisen und Auftrag der anderen Institution kennen zu lernen<\/li>\n<li>gemeinsame Grunds\u00e4tze und konkrete Formen der Kooperation entwickeln und verbindlich festlegen, um den Kindern den \u00dcbergang von der KiTa in die Grundschule zu erleichtern.<\/li>\n<\/ul>\n<h5><strong>2.3\u00a0\u00a0\u00a0\u00a0\u00a0 Formen der Kooperation<\/strong><\/h5>\n<ul>\n<li>Regelm\u00e4\u00dfiger Austausch \u00fcber die p\u00e4dagogischen Konzepte<\/li>\n<li>Absprachen und Durchf\u00fchrung gemeinsamer Veranstaltungen\n<ul>\n<li>Elternabende mit p\u00e4dagogischen Inhalten<\/li>\n<li>Gemeinsame Informationselternabende<\/li>\n<li>Gegenseitiger Besuch bei Festen<\/li>\n<\/ul>\n<\/li>\n<li>Gemeinsame Fortbildungsveranstaltungen<\/li>\n<li>Wechselseitige Teilnahme an Veranstaltungen<\/li>\n<li>Gegenseitige Hospitationen<\/li>\n<li>Einbeziehung der Eltern<\/li>\n<li>Benennung eines\/einer Kooperationsbeauftragten<\/li>\n<li>Jedes 2. Jahr: Verabschiedung und Evaluation einer Kooperationsvereinbarung<\/li>\n<li>Erstellen eines Kooperationskalenders<\/li>\n<\/ul>\n<h4><strong>3. Kooperationsvereinbarung zwischen der Grundschule Hameln-Rohrsen und dem Kinderhaus Rohrsen\/Hilligsfeld<\/strong><\/h4>\n<h5><strong>3.1\u00a0\u00a0\u00a0\u00a0\u00a0 Allgemeines<\/strong><\/h5>\n<p>Die p\u00e4dagogischen \u00dcbereinstimmungen im Rahmen der Erziehungskonzepte unserer Institutionen sind Voraussetzung f\u00fcr unsere intensive Kooperation.<br \/>\nUnsere Zusammenarbeit sehen wir als gemeinsame Aufgabe beim \u00dcbergang der Kinder vom Kinderhaus in die Grundschule, der eine wichtige Etappe in der Entwicklung des Kindes darstellt.<br \/>\nEs ist unser gemeinsames Ziel, die Kinder und ihre Eltern professionell beim \u00a0 \u00dcbergang in die Grundschule zu begleiten und ihnen einen harmonischen Schulanfang und einen guten Einstieg in ihr Schulleben zu erm\u00f6glichen.<br \/>\nWir wollen den \u00dcbergang zwischen Elementarbereich und Grundschule erleichtern, um die im Elementarbereich einsetzenden individuellen Lernprozesse der Kinder kontinuierlich fortzusetzen. Dazu ist im Kinderhaus Rohrsen\/ Hilligsfeld eine Gruppe f\u00fcr die zuk\u00fcnftigen Schulanf\u00e4nger eingerichtet: die \u201eMittwochsgruppe\u201c. &#8211;<\/p>\n<p>Unsere Zusammenarbeit soll ein besseres Verst\u00e4ndnis f\u00fcr die jeweils andere \u00a0 Bildungsinstitution f\u00f6rdern und so neue Sichtweisen und gemeinsame p\u00e4dagogische Handlungskonzepte erm\u00f6glichen.<br \/>\nUnsere enge Kooperation beruht auf gemeinsamen p\u00e4dagogischen Schwerpunkten und regelm\u00e4\u00dfigen Absprachen beider Teams.<br \/>\nWir wollen die Pers\u00f6nlichkeit jedes Kindes st\u00e4rken, es in seiner Selbstt\u00e4tigkeit und Selbstst\u00e4ndigkeit unterst\u00fctzen und es dazu bef\u00e4higen, tragf\u00e4hige soziale Beziehungen zu entwickeln und best\u00e4ndig auszubauen.<br \/>\nIm Elementarbereich werden wertvolle Bildungsinhalte vermittelt, die in der Grundschule vertieft und erweitert werden, damit sich die uns anvertrauten Kinder zu selbstbewussten, selbstst\u00e4ndigen und lernfreudigen Menschen weiter entwickeln k\u00f6nnen.<\/p>\n<p>Ein weiteres wichtiges Anliegen ist uns die Integration und F\u00f6rderung von\u00a0 Kindern, die aus dem sozial schwierigen Umfeld \u201eKuckuck\u201c in unsere Einrichtungen kommen. Beide Institutionen halten ein erweitertes Bildungsangebot\u00a0 f\u00fcr die Familien des Einzugsgebietes \u201eKuckuck\u201c und die F\u00f6rderung lebensnaher Kompetenzen f\u00fcr unbedingt notwendig.<br \/>\nAus dieser Situation heraus haben das Kinderhaus und die Grundschule mit Unterst\u00fctzung und in Kooperation mit weiteren Partnern das Projekt \u201eZum Kuckuck mit den Kindern\u201c initiiert, ein soziales Projekt zur Integration und Pr\u00e4vention im Wohnumfeld Kuckuck, Hameln\/Rohrsen. Das Konzept zu diesem Projekt ist in der Grundschule und dem Kinderhaus einzusehen.<\/p>\n<h5><strong>3.2\u00a0\u00a0\u00a0\u00a0\u00a0 Kooperationsvereinbarung f\u00fcr die Bildungsjahre 2017-19<\/strong><\/h5>\n<p>Das Kinderhaus Rohrsen\/Hilligsfeld und die Grundschule Hameln-Rohrsen \u00a0\u00a0 verpflichten sich, auf der Grundlage nachfolgender Gesetze zu einer intensiven und partnerschaftlichen Zusammenarbeit.<\/p>\n<ul>\n<li>Runderlass der Ministerkonferenz \u201eDie Arbeit in der Grundschule\u201c vom 01.08.2012<\/li>\n<li>Gesetz \u00fcber Tageseinrichtungen f\u00fcr Kinder des Landes Niedersachsen vom 07.02.2002<\/li>\n<li>Orientierungsplan f\u00fcr Bildung und Erziehung im Elementarbereich nieders\u00e4chsischer Tageseinrichtungen f\u00fcr Kinder vom 12.01.2005<\/li>\n<\/ul>\n<p><strong>3.2.1\u00a0\u00a0 Konzeptionelle Arbeit<\/strong><\/p>\n<p>Wir verpflichten uns dazu, uns regelm\u00e4\u00dfig \u00fcber unsere p\u00e4dagogischen Konzeptionen auszutauschen und evtl. Verbesserungen gemeinsam zu formulieren und einzubringen.<\/p>\n<p><strong>3.2.2\u00a0\u00a0 Zusammenarbeit auf Leitungsebene<\/strong><\/p>\n<p>Die Leitungen der beiden Bildungseinrichtungen verpflichten sich zu einem regelm\u00e4\u00dfigen monatlichen informellen und fachlichen Austausch. Sie sind in Absprache mit den Kooperationsbeauftragten und den Teams daf\u00fcr verantwortlich, die Kooperationsvereinbarung und alle Konzepte, die die Zusammenarbeit genau beschreiben, regelm\u00e4\u00dfig zu aktualisieren und fortzuschreiben.<br \/>\nSie stellen, stellvertretend f\u00fcr die Kollegien, eine angemessene Repr\u00e4sentation beider Institutionen in der \u00d6ffentlichkeit sicher und pflegen den Kontakt zu anderen \u00f6ffentlichen Einrichtungen und Institutionen, den Ortsr\u00e4ten und den Medien.<br \/>\nZiel dieser \u00d6ffentlichkeitsarbeit ist es, das gemeinsame Interesse an einer guten pers\u00f6nlichen Entwicklung der Kinder unseres Einzugsbereiches zu bekunden und \u00a0 beispielhaft darzustellen.<\/p>\n<p>Die Leitungen beider Einrichtungen arbeiten mit unterst\u00fctzenden Institutionen, Vereinen und Einrichtungen zusammen, um die Bildungschancen und das Wohnumfeld der Kinder des Einzugsgebietes zu verbessern. Dazu werden nach M\u00f6glichkeit verbindliche Kooperationen eingegangen, die zu einer gemeinsamen Zielsetzung f\u00fchren und den gegenseitigen Austausch und die Nachhaltigkeit der Projekte f\u00f6rdern.<\/p>\n<h6><strong>3.2.3\u00a0\u00a0 Kooperation beider Teams<\/strong><\/h6>\n<ol>\n<li>Beide Teams treffen sich beinmal im Jahr zum gegenseitigen Austausch im Haus des jeweils anderen Kooperationspartners.<br \/>\nSie nutzen dabei die Gelegenheit, sich \u00fcber den spezifischen Arbeitsauftrag \u00a0\u00a0 des Partners und die p\u00e4dagogischen Schwerpunkte zu informieren.<br \/>\nUnser Ziel ist es, die team\u00fcbergreifende Dialogf\u00e4higkeit zu erweitern.<\/li>\n<li>Im April\/Mai jedes Jahres findet die Schulanmeldung f\u00fcr die zuk\u00fcnftigen Schulkinder statt. Einige Wochen vor dieser Anmeldung wird die Sprachstandsfeststellung im Kinderhaus von einer Lehrerin (ggf. gemeinsam mit einer Erzieherin\/ einem Erzieher) durchgef\u00fchrt. Dazu benennen die ErzieherInnen im Voraus auff\u00e4llige Kinder mit Sprachdefiziten, bei denen sie eine besondere F\u00f6rderung f\u00fcr notwendig halten.<br \/>\nIm Anschluss an die \u00dcberpr\u00fcfung findet mit den jeweiligen Gruppenkr\u00e4ften ein Austausch \u00fcber die festgestellten Ergebnisse statt.<br \/>\nAuf Grund dieser Ergebnisse wird festgelegt, ob das betreffende Kind an der schulischen Sprachf\u00f6rderung vor der Einschulung teilnehmen soll.<br \/>\nFalls bei einzelnen Kindern bereits in dieser kurzen \u00dcberpr\u00fcfung sprachliche Defizite aufgefallen sind, wird ein ausf\u00fchrlicher Sprachtest durchgef\u00fchrt, bzw. weitere F\u00f6rderma\u00dfnahmen eingeleitet.<br \/>\nMit dem Einverst\u00e4ndnis der Erziehungsberechtigten findet ein Austausch \u00fcber die Ergebnisse des Verfahrens, die eingeleiteten Unterst\u00fctzungsma\u00dfnahmen und den pers\u00f6nlichen Entwicklungsstand der Kinder statt.<br \/>\nDer verpflichtende Sprachf\u00f6rderunterricht im Jahr vor der Einschulung wird nach M\u00f6glichkeit im Kinderhaus erteilt, damit die Kinder in ihrer gewohnten Umgebung verbleiben k\u00f6nnen. \u201eHauskinder\u201c werden dazu von den Erziehungsberechtigten zu den festgelegten Zeiten in das Kinderhaus gebracht und m\u00fcssen regelm\u00e4\u00dfig am vorschulischen Sprachf\u00f6rderunterricht teilnehmen. Die Kinder, die im Bereich Kuckuck\/ Rohrser Warte wohnen, und keinen Platz im Kindergarten erhalten haben, werden im \u201eKuckucksnest\u201c von einer Lehrkraft gef\u00f6rdert.<\/li>\n<li>Falls die Lehrer der zuk\u00fcnftigen 1. Klassen rechtzeitig feststehen, hospitieren sie in den Gruppen des Kinderhauses, um den dortigen Tagesablauf und die Arbeitsweise aus eigener Anschauung zu erfahren. Sie werden daf\u00fcr vom Unterricht freigestellt.<\/li>\n<\/ol>\n<ol start=\"4\">\n<li>Um die Nachhaltigkeit der im Kinderhaus getroffenen Empfehlungen \u00fcberpr\u00fcfen zu k\u00f6nnen, werden die Erzieher\/innen zu p\u00e4dagogischen Konferenzen im 1. Schuljahr eingeladen.<\/li>\n<\/ol>\n<ol start=\"5\">\n<li>Eine Erzieherin und eine Lehrerin f\u00fchren den \u201eSchulbesuchstag\u201c f\u00fcr die zuk\u00fcnftigen Schulanf\u00e4nger gemeinsam durch. Dabei erteilt die Lehrkraft den \u201eUnterricht\u201c und die Erzieherin beobachtet das Verhalten der Kinder. Anschlie\u00dfend findet eine gemeinsame Auswertung der Arbeitsergebnisse und der Beobachtungen statt, in der gemeinsam Aussagen zur m\u00f6glichen Schulf\u00e4higkeit festgelegt werden.<\/li>\n<\/ol>\n<ol start=\"6\">\n<li>Falls bei der Einschulung zwei 1. Klassen gebildet werden k\u00f6nnen, helfen die Erzieher\/innen des Kinderhauses beratend bei der Klassenzusammensetzung.<\/li>\n<\/ol>\n<ol start=\"7\">\n<li>Im Rahmen des regelm\u00e4\u00dfigen Besuchs der Mittwochsgruppe in der Schule und des Vorlesetages im Kinderhaus (s. 3.2.4.4) ist eine regelm\u00e4\u00dfige Hospitation in der Partnerinstitution gegeben. Dar\u00fcber hinaus besteht f\u00fcr alle Lehrpersonen jederzeit die M\u00f6glichkeit zur gegenseitigen Hospitation.<\/li>\n<\/ol>\n<ol start=\"8\">\n<li>Die Lehrpersonen informieren sich gegenseitig \u00fcber geeignete Fort-bildungen und verabreden eine m\u00f6gliche gemeinsame Teilnahme von Vertretern beider Institutionen.<\/li>\n<\/ol>\n<ol start=\"9\">\n<li>Ein gegenseitiger Austausch von Fachliteratur und methodisch-didaktischem Material ist jederzeit m\u00f6glich.<\/li>\n<\/ol>\n<ol start=\"10\">\n<li>In den Bibliotheken beider H\u00e4user k\u00f6nnen Lehrpersonen kostenlos B\u00fccher entleihen.<\/li>\n<\/ol>\n<ol start=\"11\">\n<li>Die Anschaffungen von Materialien f\u00fcr den Anfangsunterricht und die Arbeit in der Mittwochsgruppe werden miteinander koordiniert.<\/li>\n<\/ol>\n<ol start=\"12\">\n<li>Die Turnhalle der Grundschule wird an einigen Tagen nach Absprache in der 1.\/2. Unterrichtsstunde vom Kinderhaus genutzt. Im Stundenplan werden diese Zeiten fest eingeplant und bei der Planung ber\u00fccksichtigt.<strong><br \/>\n<\/strong><\/li>\n<\/ol>\n<h6><strong>3.2.4\u00a0\u00a0 Gemeinsame Angebote f\u00fcr Kinderhauskinder und Grundsch\u00fcler<\/strong><\/h6>\n<ol>\n<li>Beide Institutionen laden sich gegenseitig zu besonderen Angeboten (Theaterauff\u00fchrungen, Festen, Autorenlesungen, Pr\u00e4sentationen \u2026) ein.<\/li>\n<\/ol>\n<ol start=\"2\">\n<li>Jeweils mittwochs f\u00fchren die Erzieherinnen mit den \u201eMittwochskindern\u201c (zuk\u00fcnftige Schulanf\u00e4nger) schulvorbereitende Aktionen im Kinderhaus oder in der Grundschule durch. Einmal monatlich besucht die \u201eMittwochsgruppe\u201c in Kleingruppen den Unterricht der Rohrser Grundschule in unterschiedlichen Klassen und erleben eine Unterrichtsstunde mit. Die Lehrkr\u00e4fte sollen die Unterrichtsinhalte wie gewohnt durchf\u00fchren, k\u00f6nnen aber auch besondere Aufgaben f\u00fcr die Kinderhauskinder planen und anbieten.<\/li>\n<\/ol>\n<ol start=\"3\">\n<li>Die \u201eHauskinder\u201c, d.h. Kinder aus unserem Einzugsgebiet, die keine oder eine andere Kindertagesst\u00e4tte besuchen, werden vom Kinderhaus zu dem regelm\u00e4\u00dfigen Besuch der \u201eMittwochsgruppe\u201c eingeladen. Die Teilnahme ist kostenfrei und kann vormittags freiwillig in Anspruch genommen werden, um die zuk\u00fcnftigen Mitsch\u00fcler und die sp\u00e4tere Grundschule schon fr\u00fchzeitig kennen zu lernen; dann sollte ein Besuch aber kontinuierlich erfolgen.<\/li>\n<\/ol>\n<ol start=\"4\">\n<li>Zum Ende des 1. Schuljahres besuchen die Kinder der 1. Klassen ihre ehemaligen Gruppen im Kinderhaus und lesen den Kindern dort etwas vor.<\/li>\n<\/ol>\n<ol start=\"5\">\n<li>Im Kinderhaus wird im letzten Halbjahr vor der Einschulung ein \u00dcbergabebogen erstellt und an die Schule zur Dokumentation der individuellen Lernentwicklung und zur Ermittlung der Schulf\u00e4higkeit weitergegeben.<\/li>\n<\/ol>\n<ol start=\"6\">\n<li>\u00a0 Die M\u00f6glichkeit der Beteiligung an den Projekten in der Partnereinrichtung ist gegeben. Die Mittwochskinder nehmen situationsabh\u00e4ngig an Schulprojekten teil.<\/li>\n<\/ol>\n<ol start=\"7\">\n<li>Jedes Schulkind der Grundschule hat die M\u00f6glichkeit, in den Ferien das Kinderhaus zu besuchen und den Kindern aus mitgebrachten oder in den Gruppen vorhandenen B\u00fcchern vorzulesen. Vorher sollte aber eine Anmeldung bzw. eine telefonische Absprache mit den Gruppenkr\u00e4ften stattfinden. Die Lehrkr\u00e4fte der Grundschule weisen die Grundsch\u00fcler auf dieses Angebot hin.<\/li>\n<\/ol>\n<ol start=\"8\">\n<li>Die transportablen B\u00fchnenteile wurden aus den Budgets beider Einrichtungen finanziert und k\u00f6nnen bei Bedarf nach vorheriger Absprache von beiden Einrichtungen genutzt werden. Lagerort ist die Turnhalle der Grundschule.<\/li>\n<\/ol>\n<h6><strong>3.2.5\u00a0\u00a0 Kooperation hinsichtlich der Elternarbeit<\/strong><\/h6>\n<ol>\n<li>Im ersten Schulhalbjahr werden die Eltern der Vorschulkinder im Rahmen eines Gesamtelternabends des Kinderhauses \u00fcber die Arbeit in der \u201eMittwochsgruppe\u201c informiert. Die Schulleitung nimmt daran teil und gibt Informationen zum Thema \u201eSchule und Schulf\u00e4higkeit\u201c.<\/li>\n<\/ol>\n<ol start=\"2\">\n<li>Elternabende mit p\u00e4dagogischen Themen werden als Kooperations-veranstaltungen in beiden Institutionen bekannt gemacht und gemeinsam durchgef\u00fchrt.<br \/>\nDie Wahl des Tagungsortes richtet sich nach der zu erwartenden\u00a0 Teilnehmerzahl und nach dem jeweiligen Themenschwerpunkt.<\/li>\n<\/ol>\n<ol start=\"3\">\n<li>Bei Bedarf werden gemeinsam Beratungsgespr\u00e4che f\u00fcr Eltern von Kinderhauskindern im Hinblick auf ihre k\u00fcnftige Schulf\u00e4higkeit geplant und durchgef\u00fchrt.<\/li>\n<\/ol>\n<ol start=\"4\">\n<li>Eine Transparenz dieses Kooperationsmodells gegen\u00fcber den Eltern beider Institutionen wird sichergestellt. Dazu werden die ausliegende Projektmappe der Mittwochsgruppe im Kinderhaus und die Homepage der Grundschule genutzt.<\/li>\n<\/ol>\n<h6><strong>3.2.6 \u00a0\u00a0 Kooperation im gemeinsamen Projekt \u201eZum Kuckuck mit den Kindern\u201c<\/strong><\/h6>\n<p>Um die Kinder und deren Eltern direkter erreichen zu k\u00f6nnen, ihre Probleme\u00a0 \u201evor Ort\u201c zu erkennen und bei der individuellen Entwicklung und F\u00f6rderung der Kinder umfassender helfen zu k\u00f6nnen, haben die Grundschule Hameln-Rohrsen und das Kinderhaus Rohrsen\/Hilligsfeld im Wohngebiet \u201eKuckuck\u201c eine Wohnung, das \u201eKuckucksnest\u201c, eingerichtet.<br \/>\nIn dieser Wohnung werden in Zusammenarbeit und Absprache mit mehreren\u00a0 Projektpartnern verschiedene Angebote koordiniert.<\/p>\n<p><u>Weitere Kooperationspartner sind:<\/u><\/p>\n<p>&#8211; Verein \u201eSAM \u2013 Sozial \u2013 Aktiv \u2013 Menschlich e.V.\u201c<\/p>\n<p>&#8211; Verein \u201eNachmittags- Club der Grundschule Rohrsen e.V.\u201c<\/p>\n<p>&#8211; IMPULS gGmbH Hameln<\/p>\n<p>&#8211; Familienb\u00fcro Rohrsen\/ FiZ Hameln<\/p>\n<p>&#8211; Landkreis Hameln-Pyrmont<\/p>\n<p>&#8211; Stadt Hameln<\/p>\n<p>&#8211; Hamelner Tafel<\/p>\n<p>&#8211; Parit\u00e4tische Dienste Hameln, u.a.<\/p>\n<p><u>Folgende Angebote finden derzeit statt:<\/u><\/p>\n<p>&#8211; t\u00e4gliche Hausaufgabenhilfe<\/p>\n<p>&#8211; Sprachf\u00f6rderung f\u00fcr nichtdeutschsprachige Kinder<\/p>\n<p>&#8211; kreative Angebote f\u00fcr Kinder im Nachmittagsbereich<\/p>\n<p>&#8211; Deutschunterricht f\u00fcr Erwachsene<\/p>\n<p>&#8211; Ferienbetreuung und -angebote f\u00fcr Kinder<\/p>\n<p>&#8211; \u201eKomm bolzen\u201c &#8211; ein Bewegungsangebot vom SC Schwalbe T\u00fcndern<\/p>\n<p>&#8211; Kleiderkammer f\u00fcr Baby- und Kinderkleidung<br \/>\nDiese Angebote sind jederzeit ver\u00e4nder- und erweiterbar.<\/p>\n<p>Diese Kooperationsvereinbarung wird alle zwei Jahre gemeinsam \u00fcberarbeitet und erg\u00e4nzt, sofern sich vorher keine Besonderheiten ergeben.<\/p>\n<p>Wir verpflichten uns zur gewissenhaften Einhaltung der festgelegten Vereinbarungen.<\/p>\n<p>Hameln-Rohrsen, den 01.02.2017<\/p>\n<p><span style=\"text-decoration: underline;\"><strong>Vertragspartner:<\/strong><\/span><br \/>\nMechthild Kleine-Viotto (Kinderhaus Rohrsen\/HIlligsfeld)<br \/>\nBirgit Albrecht (Grundschule Hameln-Rohrsen)<\/p>\n<p>&nbsp;<\/p>\n<p>&nbsp;<\/p>\n<p>&nbsp;<\/p>\n","protected":false},"excerpt":{"rendered":"<p>Stand 02\/2017 Konzept und Vertrag zur Kooperation zwischen Kinderhaus Rohrsen\/Hilligsfeld und Grundschule Hameln-Rohrsen 1. Aktuelle gesetzliche Rahmenbedingungen 1.1\u00a0\u00a0\u00a0\u00a0\u00a0 \u201eDie Arbeit in der Grundschule\u201c RdErl. d. MK vom 01.08.2012: Zusammenarbeit von Grundschulen und Tageseinrichtungen f\u00fcr Kinder 3.1\u00a0\u00a0\u00a0\u00a0\u00a0 Bei der Gestaltung des \u00dcbergangs in die Schule arbeitet die Grundschule eng mit der Familie und der betreffenden Tageseinrichtung &hellip; <a href=\"https:\/\/www.gs-rohrsen.de\/wp\/?page_id=102\" class=\"more-link\"><span class=\"screen-reader-text\">Kooperationsvertrag<\/span> weiterlesen <span class=\"meta-nav\">&rarr;<\/span><\/a><\/p>\n","protected":false},"author":1,"featured_media":0,"parent":0,"menu_order":0,"comment_status":"closed","ping_status":"closed","template":"","meta":{"footnotes":""},"class_list":["post-102","page","type-page","status-publish","hentry"],"_links":{"self":[{"href":"https:\/\/www.gs-rohrsen.de\/wp\/index.php?rest_route=\/wp\/v2\/pages\/102","targetHints":{"allow":["GET"]}}],"collection":[{"href":"https:\/\/www.gs-rohrsen.de\/wp\/index.php?rest_route=\/wp\/v2\/pages"}],"about":[{"href":"https:\/\/www.gs-rohrsen.de\/wp\/index.php?rest_route=\/wp\/v2\/types\/page"}],"author":[{"embeddable":true,"href":"https:\/\/www.gs-rohrsen.de\/wp\/index.php?rest_route=\/wp\/v2\/users\/1"}],"replies":[{"embeddable":true,"href":"https:\/\/www.gs-rohrsen.de\/wp\/index.php?rest_route=%2Fwp%2Fv2%2Fcomments&post=102"}],"version-history":[{"count":5,"href":"https:\/\/www.gs-rohrsen.de\/wp\/index.php?rest_route=\/wp\/v2\/pages\/102\/revisions"}],"predecessor-version":[{"id":1782,"href":"https:\/\/www.gs-rohrsen.de\/wp\/index.php?rest_route=\/wp\/v2\/pages\/102\/revisions\/1782"}],"wp:attachment":[{"href":"https:\/\/www.gs-rohrsen.de\/wp\/index.php?rest_route=%2Fwp%2Fv2%2Fmedia&parent=102"}],"curies":[{"name":"wp","href":"https:\/\/api.w.org\/{rel}","templated":true}]}}